{"id":423,"date":"2026-02-02T09:09:43","date_gmt":"2026-02-02T09:09:43","guid":{"rendered":"https:\/\/www.puntotecservices.com\/?page_id=423"},"modified":"2026-02-02T09:12:55","modified_gmt":"2026-02-02T09:12:55","slug":"contacto-2","status":"publish","type":"page","link":"https:\/\/www.puntotecservices.com\/en\/contacto-2\/","title":{"rendered":"Contact"},"content":{"rendered":"<div data-elementor-type=\"wp-page\" data-elementor-id=\"423\" class=\"elementor elementor-423\" data-elementor-post-type=\"page\">\n\t\t\t\t<div class=\"wd-negative-gap elementor-element elementor-element-82d3717 wd-section-stretch e-flex e-con-boxed e-con e-parent\" data-id=\"82d3717\" data-element_type=\"container\" data-e-type=\"container\" data-settings=\"{&quot;background_background&quot;:&quot;classic&quot;,&quot;shape_divider_top&quot;:&quot;tilt&quot;}\">\n\t\t\t\t\t<div class=\"e-con-inner\">\n\t\t\t\t<div class=\"elementor-shape elementor-shape-top\" aria-hidden=\"true\" data-negative=\"false\">\n\t\t\t<svg xmlns=\"http:\/\/www.w3.org\/2000\/svg\" viewbox=\"0 0 1000 100\" preserveaspectratio=\"none\">\n\t<path class=\"elementor-shape-fill\" d=\"M0,6V0h1000v100L0,6z\"\/>\n<\/svg>\t\t<\/div>\n\t\t<div class=\"elementor-element elementor-element-a44e2f8 e-con-full e-flex e-con e-child\" data-id=\"a44e2f8\" data-element_type=\"container\" data-e-type=\"container\">\n\t\t\t\t<div class=\"elementor-element elementor-element-652e054 fluentform-widget-submit-button-custom elementor-widget elementor-widget-fluent-form-widget\" data-id=\"652e054\" data-element_type=\"widget\" data-e-type=\"widget\" data-widget_type=\"fluent-form-widget.default\">\n\t\t\t\t<div class=\"elementor-widget-container\">\n\t\t\t\t\t\n            <div class=\"fluentform-widget-wrapper fluentform-widget-align-default\">\n\n            \n            <div class='fluentform ff-default fluentform_wrapper_1 ffs_default_wrap'><form data-form_id=\"1\" id=\"fluentform_1\" class=\"frm-fluent-form fluent_form_1 ff-el-form-top ff_form_instance_1_1 ff-form-loading ffs_default\" data-form_instance=\"ff_form_instance_1_1\" method=\"POST\" action=\"\" ><fieldset  style=\"border: none!important;margin: 0!important;padding: 0!important;background-color: transparent!important;box-shadow: none!important;outline: none!important; min-inline-size: 100%;\">\n                    <legend class=\"ff_screen_reader_title\" style=\"display: block; margin: 0!important;padding: 0!important;height: 0!important;text-indent: -999999px;width: 0!important;overflow:hidden;\">Formulario de Contacto<\/legend><input type='hidden' name='__fluent_form_embded_post_id' value='423' \/><input type=\"hidden\" id=\"_fluentform_1_fluentformnonce\" name=\"_fluentform_1_fluentformnonce\" value=\"842d89c818\" \/><input type=\"hidden\" name=\"_wp_http_referer\" value=\"\/en\/wp-json\/wp\/v2\/pages\/423\" \/><div class='ff-el-group'><div class=\"ff-el-input--label ff-el-is-required asterisk-right\"><label for='ff_1_input_text' id='label_ff_1_input_text' aria-label=\"Nombre\">Nombre<\/label><\/div><div class='ff-el-input--content'><input type=\"text\" name=\"input_text\" class=\"ff-el-form-control\" data-name=\"input_text\" id=\"ff_1_input_text\"  aria-invalid=\"false\" aria-required=\"true\"><\/div><\/div><div class='ff-el-group'><div class=\"ff-el-input--label ff-el-is-required asterisk-right\"><label for='ff_1_email' id='label_ff_1_email' aria-label=\"Email\">Email<\/label><\/div><div class='ff-el-input--content'><input type=\"email\" name=\"email\" id=\"ff_1_email\" class=\"ff-el-form-control\" data-name=\"email\"  aria-invalid=\"false\" aria-required=\"true\"><\/div><\/div><div class='ff-el-group'><div class=\"ff-el-input--label ff-el-is-required asterisk-right\"><label for='ff_1_input_text_1' id='label_ff_1_input_text_1' aria-label=\"Tel\u00e9fono\">Tel\u00e9fono<\/label><\/div><div class='ff-el-input--content'><input type=\"text\" name=\"input_text_1\" class=\"ff-el-form-control\" data-name=\"input_text_1\" id=\"ff_1_input_text_1\"  aria-invalid=\"false\" aria-required=\"true\"><\/div><\/div><div class='ff-el-group'><div class=\"ff-el-input--label ff-el-is-required asterisk-right\"><label for='ff_1_subject' id='label_ff_1_subject' aria-label=\"Asunto\">Asunto<\/label><\/div><div class='ff-el-input--content'><input type=\"text\" name=\"subject\" class=\"ff-el-form-control\" placeholder=\"Subject\" data-name=\"subject\" id=\"ff_1_subject\"  aria-invalid=\"false\" aria-required=\"true\"><\/div><\/div><div class='ff-el-group'><div class=\"ff-el-input--label ff-el-is-required asterisk-right\"><label for='ff_1_message' id='label_ff_1_message' aria-label=\"Mensaje\">Mensaje<\/label><\/div><div class='ff-el-input--content'><textarea aria-required=\"true\" aria-labelledby=\"label_ff_1_message\" name=\"message\" id=\"ff_1_message\" class=\"ff-el-form-control\" rows=\"4\" cols=\"2\" data-name=\"message\" ><\/textarea><\/div><\/div><div class='ff-el-group'><div class='ff-el-input--content'><div class='ff-el-form-check ff-el-form-check-'><label class='ff-el-form-check-label' for='checkbox_3e0605e4b828b589b3e3bb26d7e6b50b'><input  type=\"checkbox\" name=\"checkbox[]\" data-name=\"checkbox\" class=\"ff-el-form-check-input ff-el-form-check-checkbox\" value=\"He le\u00eddo y acepto el &lt;a href=&quot;\/aviso-legal&quot; target=&quot;_BLANK&quot;&gt;Aviso Legal&lt;\/a&gt; y la &lt;a href=&quot;\/politica-de-privacidad&quot; target=&quot;_BLANK&quot;&gt;Pol\u00edtica de Privacidad&lt;\/a&gt;\"  id='checkbox_3e0605e4b828b589b3e3bb26d7e6b50b' aria-label='He le&iacute;do y acepto el &lt;a href=&quot;\/en\/aviso-legal\/&quot; target=&quot;_BLANK&quot;&gt;Aviso Legal&lt;\/a&gt; y la &lt;a href=&quot;\/en\/politica-de-privacidad\/&quot; target=&quot;_BLANK&quot;&gt;Pol&iacute;tica de Privacidad&lt;\/a&gt;' aria-invalid='false' aria-required=\"true\"> <span>He le\u00eddo y acepto el <a href=\"\/en\/aviso-legal\/\" target=\"_BLANK\">Aviso Legal<\/a> y la <a href=\"\/en\/politica-de-privacidad\/\" target=\"_BLANK\">Pol\u00edtica de Privacidad<\/a><\/span><\/label><\/div><\/div><\/div><div class='ff-el-group ff-text-left ff_submit_btn_wrapper'><button type=\"submit\" class=\"ff-btn ff-btn-submit ff-btn-md ff_btn_style\"  aria-label=\"Enviar consulta\">Enviar consulta<\/button><\/div><\/fieldset><input type=\"hidden\" name=\"trp-form-language\" value=\"en\"\/><\/form><div id='fluentform_1_errors' class='ff-errors-in-stack ff_form_instance_1_1 ff-form-loading_errors ff_form_instance_1_1_errors'><\/div><\/div>            <script type=\"text\/javascript\">\n                window.fluent_form_ff_form_instance_1_1 = {\"id\":\"1\",\"settings\":{\"layout\":{\"labelPlacement\":\"top\",\"helpMessagePlacement\":\"with_label\",\"errorMessagePlacement\":\"inline\",\"cssClassName\":\"\",\"asteriskPlacement\":\"asterisk-right\"},\"restrictions\":{\"denyEmptySubmission\":{\"enabled\":false}}},\"form_instance\":\"ff_form_instance_1_1\",\"form_id_selector\":\"fluentform_1\",\"rules\":{\"input_text\":{\"required\":{\"value\":true,\"message\":\"This field is required\",\"global_message\":\"Este campo es obligatorio\",\"global\":true}},\"email\":{\"required\":{\"value\":true,\"message\":\"This field is required\",\"global\":false,\"global_message\":\"Este campo es obligatorio\"},\"email\":{\"value\":true,\"message\":\"This field must contain a valid email\",\"global\":false,\"global_message\":\"Este campo debe contener un correo electr\\u00f3nico v\\u00e1lido\"}},\"input_text_1\":{\"required\":{\"value\":true,\"message\":\"This field is required\",\"global_message\":\"Este campo es obligatorio\",\"global\":true}},\"subject\":{\"required\":{\"value\":true,\"message\":\"This field is required\",\"global\":false,\"global_message\":\"Este campo es obligatorio\"}},\"message\":{\"required\":{\"value\":true,\"message\":\"This field is required\",\"global\":false,\"global_message\":\"Este campo es obligatorio\"}},\"checkbox\":{\"required\":{\"value\":true,\"message\":\"This field is required\",\"global_message\":\"Este campo es obligatorio\",\"global\":true}}},\"debounce_time\":300};\n                            <\/script>\n                        <\/div>\n\n            \t\t\t\t<\/div>\n\t\t\t\t<\/div>\n\t\t\t\t<\/div>\n\t\t<div class=\"elementor-element elementor-element-38c0560 e-con-full e-flex e-con e-child\" data-id=\"38c0560\" data-element_type=\"container\" data-e-type=\"container\">\n\t\t\t\t<div class=\"elementor-element elementor-element-0dfe936 elementor-widget elementor-widget-google_maps\" data-id=\"0dfe936\" data-element_type=\"widget\" data-e-type=\"widget\" data-widget_type=\"google_maps.default\">\n\t\t\t\t<div class=\"elementor-widget-container\">\n\t\t\t\t\t\t\t<div class=\"elementor-custom-embed\">\n\t\t\t<iframe loading=\"lazy\"\n\t\t\t\t\tsrc=\"https:\/\/maps.google.com\/maps?q=Av.%20Fernando%20Mu%C3%B1oz%20Zambudio%2C%201%2C%2030710%20Los%20Alc%C3%A1zares%2C%20Murcia&#038;t=m&#038;z=16&#038;output=embed&#038;iwloc=near\"\n\t\t\t\t\ttitle=\"Av. Fernando Mu\u00f1oz Zambudio, 1, 30710 Los Alc\u00e1zares, Murcia\"\n\t\t\t\t\taria-label=\"Av. Fernando Mu\u00f1oz Zambudio, 1, 30710 Los Alc\u00e1zares, Murcia\"\n\t\t\t><\/iframe>\n\t\t<\/div>\n\t\t\t\t\t\t<\/div>\n\t\t\t\t<\/div>\n\t\t\t\t<\/div>\n\t\t\t\t\t<\/div>\n\t\t\t\t<\/div>\n\t\t\t\t<\/div>","protected":false},"excerpt":{"rendered":"<p>Formulario de Contacto NombreEmailTel\u00e9fonoAsuntoMensaje He le\u00eddo y acepto el Aviso Legal y la Pol\u00edtica de PrivacidadEnviar consulta<\/p>","protected":false},"author":1,"featured_media":0,"parent":0,"menu_order":0,"comment_status":"closed","ping_status":"closed","template":"","meta":{"footnotes":""},"imc_layers":[],"imc_icons":[],"class_list":["post-423","page","type-page","status-publish","hentry"],"imc_loc":"","imc_img_tag":null,"yoast_head":"<!-- This site is optimized with the Yoast SEO plugin v26.8 - https:\/\/yoast.com\/product\/yoast-seo-wordpress\/ -->\n<title>Contacto - PUNTOTEC<\/title>\n<meta name=\"robots\" content=\"index, follow, max-snippet:-1, max-image-preview:large, max-video-preview:-1\" \/>\n<link rel=\"canonical\" href=\"https:\/\/www.puntotecservices.com\/en\/contacto-2\/\" \/>\n<meta property=\"og:locale\" content=\"en_GB\" \/>\n<meta property=\"og:type\" content=\"article\" \/>\n<meta property=\"og:title\" content=\"Contacto - PUNTOTEC\" \/>\n<meta property=\"og:description\" content=\"Formulario de Contacto NombreEmailTel\u00e9fonoAsuntoMensaje He le\u00eddo y acepto el Aviso Legal y la Pol\u00edtica de PrivacidadEnviar consulta\" \/>\n<meta property=\"og:url\" content=\"https:\/\/www.puntotecservices.com\/en\/contacto-2\/\" \/>\n<meta property=\"og:site_name\" content=\"PUNTOTEC\" \/>\n<meta property=\"article:modified_time\" content=\"2026-02-02T09:12:55+00:00\" \/>\n<meta name=\"twitter:card\" content=\"summary_large_image\" \/>\n<meta name=\"twitter:label1\" content=\"Estimated reading time\" \/>\n\t<meta name=\"twitter:data1\" content=\"1 minute\" \/>\n<script type=\"application\/ld+json\" class=\"yoast-schema-graph\">{\"@context\":\"https:\/\/schema.org\",\"@graph\":[{\"@type\":\"WebPage\",\"@id\":\"https:\/\/www.puntotecservices.com\/contacto-2\/\",\"url\":\"https:\/\/www.puntotecservices.com\/contacto-2\/\",\"name\":\"Contacto - PUNTOTEC\",\"isPartOf\":{\"@id\":\"https:\/\/www.puntotecservices.com\/#website\"},\"datePublished\":\"2026-02-02T09:09:43+00:00\",\"dateModified\":\"2026-02-02T09:12:55+00:00\",\"breadcrumb\":{\"@id\":\"https:\/\/www.puntotecservices.com\/contacto-2\/#breadcrumb\"},\"inLanguage\":\"en-GB\",\"potentialAction\":[{\"@type\":\"ReadAction\",\"target\":[\"https:\/\/www.puntotecservices.com\/contacto-2\/\"]}]},{\"@type\":\"BreadcrumbList\",\"@id\":\"https:\/\/www.puntotecservices.com\/contacto-2\/#breadcrumb\",\"itemListElement\":[{\"@type\":\"ListItem\",\"position\":1,\"name\":\"Portada\",\"item\":\"https:\/\/www.puntotecservices.com\/\"},{\"@type\":\"ListItem\",\"position\":2,\"name\":\"Contacto\"}]},{\"@type\":\"WebSite\",\"@id\":\"https:\/\/www.puntotecservices.com\/#website\",\"url\":\"https:\/\/www.puntotecservices.com\/\",\"name\":\"PUNTOTEC\",\"description\":\"Ingenier\u00eda y Servicios\",\"potentialAction\":[{\"@type\":\"SearchAction\",\"target\":{\"@type\":\"EntryPoint\",\"urlTemplate\":\"https:\/\/www.puntotecservices.com\/?s={search_term_string}\"},\"query-input\":{\"@type\":\"PropertyValueSpecification\",\"valueRequired\":true,\"valueName\":\"search_term_string\"}}],\"inLanguage\":\"en-GB\"}]}<\/script>\n<!-- \/ Yoast SEO plugin. -->","yoast_head_json":{"title":"Contacto - PUNTOTEC","robots":{"index":"index","follow":"follow","max-snippet":"max-snippet:-1","max-image-preview":"max-image-preview:large","max-video-preview":"max-video-preview:-1"},"canonical":"https:\/\/www.puntotecservices.com\/en\/contacto-2\/","og_locale":"en_GB","og_type":"article","og_title":"Contacto - PUNTOTEC","og_description":"Formulario de Contacto NombreEmailTel\u00e9fonoAsuntoMensaje He le\u00eddo y acepto el Aviso Legal y la Pol\u00edtica de PrivacidadEnviar consulta","og_url":"https:\/\/www.puntotecservices.com\/en\/contacto-2\/","og_site_name":"PUNTOTEC","article_modified_time":"2026-02-02T09:12:55+00:00","twitter_card":"summary_large_image","twitter_misc":{"Estimated reading time":"1 minute"},"schema":{"@context":"https:\/\/schema.org","@graph":[{"@type":"WebPage","@id":"https:\/\/www.puntotecservices.com\/contacto-2\/","url":"https:\/\/www.puntotecservices.com\/contacto-2\/","name":"Contacto - PUNTOTEC","isPartOf":{"@id":"https:\/\/www.puntotecservices.com\/#website"},"datePublished":"2026-02-02T09:09:43+00:00","dateModified":"2026-02-02T09:12:55+00:00","breadcrumb":{"@id":"https:\/\/www.puntotecservices.com\/contacto-2\/#breadcrumb"},"inLanguage":"en-GB","potentialAction":[{"@type":"ReadAction","target":["https:\/\/www.puntotecservices.com\/contacto-2\/"]}]},{"@type":"BreadcrumbList","@id":"https:\/\/www.puntotecservices.com\/contacto-2\/#breadcrumb","itemListElement":[{"@type":"ListItem","position":1,"name":"Portada","item":"https:\/\/www.puntotecservices.com\/"},{"@type":"ListItem","position":2,"name":"Contacto"}]},{"@type":"WebSite","@id":"https:\/\/www.puntotecservices.com\/#website","url":"https:\/\/www.puntotecservices.com\/","name":"PUNTOTEC","description":"Ingenier\u00eda y Servicios","potentialAction":[{"@type":"SearchAction","target":{"@type":"EntryPoint","urlTemplate":"https:\/\/www.puntotecservices.com\/?s={search_term_string}"},"query-input":{"@type":"PropertyValueSpecification","valueRequired":true,"valueName":"search_term_string"}}],"inLanguage":"en-GB"}]}},"_links":{"self":[{"href":"https:\/\/www.puntotecservices.com\/en\/wp-json\/wp\/v2\/pages\/423","targetHints":{"allow":["GET"]}}],"collection":[{"href":"https:\/\/www.puntotecservices.com\/en\/wp-json\/wp\/v2\/pages"}],"about":[{"href":"https:\/\/www.puntotecservices.com\/en\/wp-json\/wp\/v2\/types\/page"}],"author":[{"embeddable":true,"href":"https:\/\/www.puntotecservices.com\/en\/wp-json\/wp\/v2\/users\/1"}],"replies":[{"embeddable":true,"href":"https:\/\/www.puntotecservices.com\/en\/wp-json\/wp\/v2\/comments?post=423"}],"version-history":[{"count":7,"href":"https:\/\/www.puntotecservices.com\/en\/wp-json\/wp\/v2\/pages\/423\/revisions"}],"predecessor-version":[{"id":430,"href":"https:\/\/www.puntotecservices.com\/en\/wp-json\/wp\/v2\/pages\/423\/revisions\/430"}],"wp:attachment":[{"href":"https:\/\/www.puntotecservices.com\/en\/wp-json\/wp\/v2\/media?parent=423"}],"wp:term":[{"taxonomy":"imc-layer","embeddable":true,"href":"https:\/\/www.puntotecservices.com\/en\/wp-json\/wp\/v2\/imc_layers?post=423"},{"taxonomy":"imc-icon","embeddable":true,"href":"https:\/\/www.puntotecservices.com\/en\/wp-json\/wp\/v2\/imc_icons?post=423"}],"curies":[{"name":"wp","href":"https:\/\/api.w.org\/{rel}","templated":true}]}}