{"id":416,"date":"2026-01-28T07:39:58","date_gmt":"2026-01-28T07:39:58","guid":{"rendered":"https:\/\/www.puntotecservices.com\/seguros\/"},"modified":"2026-02-02T16:16:49","modified_gmt":"2026-02-02T16:16:49","slug":"seguros","status":"publish","type":"page","link":"https:\/\/www.puntotecservices.com\/en\/seguros\/","title":{"rendered":"Insurance"},"content":{"rendered":"<div data-elementor-type=\"wp-page\" data-elementor-id=\"416\" class=\"elementor elementor-416\" data-elementor-post-type=\"page\">\n\t\t\t\t<div class=\"wd-negative-gap elementor-element elementor-element-5a6aa99 wd-section-stretch e-flex e-con-boxed e-con e-parent\" data-id=\"5a6aa99\" data-element_type=\"container\" data-e-type=\"container\" data-settings=\"{&quot;background_background&quot;:&quot;classic&quot;}\">\n\t\t\t\t\t<div class=\"e-con-inner\">\n\t\t<div class=\"elementor-element elementor-element-0d5c00d e-con-full e-flex e-con e-child\" data-id=\"0d5c00d\" data-element_type=\"container\" data-e-type=\"container\">\n\t\t\t\t<div class=\"elementor-element elementor-element-c227c81 wd-animation-zoom-in wd_delay_250 wd-width-100 wd-animation-normal wd-animation wd-transform elementor-widget elementor-widget-wd_title\" data-id=\"c227c81\" data-element_type=\"widget\" data-e-type=\"widget\" data-widget_type=\"wd_title.default\">\n\t\t\t\t<div class=\"elementor-widget-container\">\n\t\t\t\t\t\t\t<div class=\"title-wrapper wd-set-mb reset-last-child wd-title-color-white wd-title-style-default wd-title-size-default text-left\">\n\n\t\t\t\n\t\t\t<div class=\"liner-continer\">\n\t\t\t\t<h1 class=\"woodmart-title-container title wd-fontsize-l\">Insurance<\/h1> \n\t\t\t\t\t\t\t<\/div>\n\n\t\t\t\t\t\t\t<div class=\"title-after_title reset-last-child wd-fontsize-xs\">\n\t\t\t\t\tSeguros para particulares, aut\u00f3nomos y empresas\t\t\t\t<\/div>\n\t\t\t\t\t<\/div>\n\t\t\t\t\t\t<\/div>\n\t\t\t\t<\/div>\n\t\t\t\t<\/div>\n\t\t\t\t\t<\/div>\n\t\t\t\t<\/div>\n\t\t<div class=\"wd-negative-gap elementor-element elementor-element-0bfe546 wd-section-stretch e-flex e-con-boxed e-con e-parent\" data-id=\"0bfe546\" data-element_type=\"container\" data-e-type=\"container\" data-settings=\"{&quot;background_background&quot;:&quot;classic&quot;}\">\n\t\t\t\t\t<div class=\"e-con-inner\">\n\t\t<div class=\"elementor-element elementor-element-dbd6e40 e-con-full e-flex e-con e-child\" data-id=\"dbd6e40\" data-element_type=\"container\" data-e-type=\"container\" data-settings=\"{&quot;background_background&quot;:&quot;classic&quot;}\">\n\t\t\t\t<div class=\"elementor-element elementor-element-ebb058d wd-animation-slide-short-from-left wd-animation-normal wd_delay_100 wd-animation wd-transform elementor-widget elementor-widget-wd_text_block\" data-id=\"ebb058d\" data-element_type=\"widget\" data-e-type=\"widget\" data-widget_type=\"wd_text_block.default\">\n\t\t\t\t<div class=\"elementor-widget-container\">\n\t\t\t\t\t\t\t<div class=\"wd-text-block reset-last-child text-left\">\n\t\t\t\n\t\t\t<p>En Puntotec seguros nos dedicamos a la venta e intermediaci\u00f3n de seguros para particulares, aut\u00f3nomos y empresas, con una amplia experiencia en el sector asegurador, y una gran variedad de compa\u00f1\u00edas aseguradoras, con las que ofrecer todo tipo de productos.<br \/>\nDesde nuestro comienzo, mantenemos una pol\u00edtica diferenciadora frente a otras empresas del sector, apostando por seguros de calidad, pero con el precio m\u00e1s bajo del mercado y con un servicio postventa en siniestros totalmente personalizado.<br \/>\nNuestra pol\u00edtica de precio m\u00ednimo, nos caracteriza por ofrecer al cliente en cada caso el precio m\u00e1s bajo posible siempre en base a sus necesidades particulares.<\/p>\n\n\t\t\t\t\t<\/div>\n\t\t\t\t\t\t<\/div>\n\t\t\t\t<\/div>\n\t\t\t\t<\/div>\n\t\t<div class=\"elementor-element elementor-element-dc8dd18 e-con-full e-flex e-con e-child\" data-id=\"dc8dd18\" data-element_type=\"container\" data-e-type=\"container\">\n\t\t\t\t<div class=\"elementor-element elementor-element-0f8f3d9 elementor-widget elementor-widget-wd_image_or_svg\" data-id=\"0f8f3d9\" data-element_type=\"widget\" data-e-type=\"widget\" data-widget_type=\"wd_image_or_svg.default\">\n\t\t\t\t<div class=\"elementor-widget-container\">\n\t\t\t\t\t\n\t\t<div class=\"wd-image text-right\">\n\t\t\t\t\t\t\t\t<img loading=\"lazy\" decoding=\"async\" width=\"600\" height=\"600\" src=\"https:\/\/www.puntotecservices.com\/wp-content\/uploads\/2026\/01\/header-seguros.puntotec-600x600.jpg\" class=\"attachment-600x600 size-600x600\" alt=\"\" srcset=\"https:\/\/www.puntotecservices.com\/wp-content\/uploads\/2026\/01\/header-seguros.puntotec-600x600.jpg 600w, https:\/\/www.puntotecservices.com\/wp-content\/uploads\/2026\/01\/header-seguros.puntotec-150x150.jpg 150w\" sizes=\"auto, (max-width: 600px) 100vw, 600px\" \/>\t\t\t\t\t<\/div>\n\n\t\t\t\t\t\t<\/div>\n\t\t\t\t<\/div>\n\t\t\t\t<\/div>\n\t\t\t\t\t<\/div>\n\t\t\t\t<\/div>\n\t\t<div class=\"wd-negative-gap elementor-element elementor-element-733d4c8 wd-section-stretch e-flex e-con-boxed e-con e-parent\" data-id=\"733d4c8\" data-element_type=\"container\" data-e-type=\"container\">\n\t\t\t\t\t<div class=\"e-con-inner\">\n\t\t<div class=\"elementor-element elementor-element-73e752a e-con-full e-flex e-con e-child\" data-id=\"73e752a\" data-element_type=\"container\" data-e-type=\"container\">\n\t\t\t\t<div class=\"elementor-element elementor-element-c516467 wd-animation-slide-short-from-left wd-width-100 wd-animation-normal wd_delay_100 wd-animation wd-transform elementor-widget elementor-widget-wd_title\" data-id=\"c516467\" data-element_type=\"widget\" data-e-type=\"widget\" data-widget_type=\"wd_title.default\">\n\t\t\t\t<div class=\"elementor-widget-container\">\n\t\t\t\t\t\t\t<div class=\"title-wrapper wd-set-mb reset-last-child wd-title-color-default wd-title-style-default wd-title-size-default text-center\">\n\n\t\t\t\n\t\t\t<div class=\"liner-continer\">\n\t\t\t\t<h2 class=\"woodmart-title-container title wd-fontsize-l wd-underline-gradient\">Do you have questions or need a quote? <\/h2> \n\t\t\t\t\t\t\t<\/div>\n\n\t\t\t\t\t<\/div>\n\t\t\t\t\t\t<\/div>\n\t\t\t\t<\/div>\n\t\t\t\t<div class=\"elementor-element elementor-element-17d7378 elementor-widget elementor-widget-wd_button\" data-id=\"17d7378\" data-element_type=\"widget\" data-e-type=\"widget\" data-widget_type=\"wd_button.default\">\n\t\t\t\t<div class=\"elementor-widget-container\">\n\t\t\t\t\t\t\t<div class=\"wd-button-wrapper text-center\" >\n\t\t\t<a class=\"btn btn-style-default btn-shape-round btn-size-extra-large btn-color-primary btn-icon-pos-right\"  href=\"\/en\/contacto\/\">\n\t\t\t\t<span class=\"wd-btn-text\" data-elementor-setting-key=\"text\">\n\t\t\t\t\tSend your query\t\t\t\t<\/span>\n\n\t\t\t\t\t\t\t<\/a>\n\t\t<\/div>\n\t\t\t\t\t\t<\/div>\n\t\t\t\t<\/div>\n\t\t\t\t<\/div>\n\t\t<div class=\"elementor-element elementor-element-6450339 e-con-full e-flex e-con e-child\" data-id=\"6450339\" data-element_type=\"container\" data-e-type=\"container\">\n\t\t<div class=\"elementor-element elementor-element-85b84c7 e-con-full e-flex e-con e-child\" data-id=\"85b84c7\" data-element_type=\"container\" data-e-type=\"container\">\n\t\t\t\t<div class=\"elementor-element elementor-element-2b0a921 elementor-widget elementor-widget-wd_infobox\" data-id=\"2b0a921\" data-element_type=\"widget\" data-e-type=\"widget\" data-widget_type=\"wd_infobox.default\">\n\t\t\t\t<div class=\"elementor-widget-container\">\n\t\t\t\t\t\t\t<div class=\"info-box-wrapper\">\n\t\t\t<div class=\"wd-info-box text-center box-icon-align-top box-style-base color-scheme- with-animation\">\n\t\t\t\t\t\t\t\t\t<div class=\"box-icon-wrapper  box-with-icon box-icon-with-bg\">\n\t\t\t\t\t\t<div class=\"info-box-icon\">\n\t\t\t\t\t\t\t\t\t\t\t\t\t\t\t<span class=\"info-svg-wrapper info-icon\" style=\"width:80px; height:80px;\"><\/span>\t\t\t\t\t\t\t\t\t\t\t\t\t<\/div>\n\t\t\t\t\t<\/div>\n\t\t\t\t\n\t\t\t\t<div class=\"info-box-content\">\n\t\t\t\t\t\n\t\t\t\t\t\t\t\t\t\t\t<h3\t\t\t\t\t\tclass=\"info-box-title title box-title-style-default wd-fontsize-m\" data-elementor-setting-key=\"title\">\n\t\t\t\t\t\t\t\t968 57 49 08\t\t\t\t\t\t<\/h3>\n\t\t\t\t\t\n\t\t\t\t\t<div class=\"info-box-inner reset-last-child\"data-elementor-setting-key=\"content\"><\/div>\n\n\t\t\t\t\t\t\t\t\t<\/div>\n\n\t\t\t\t\t\t\t\t\t<a href=\"tel:968574908\" class=\"wd-info-box-link wd-fill\" aria-label=\"Infobox link\"><\/a>\n\t\t\t\t\t\t\t<\/div>\n\t\t<\/div>\n\t\t\t\t\t\t<\/div>\n\t\t\t\t<\/div>\n\t\t\t\t<\/div>\n\t\t<div class=\"elementor-element elementor-element-6951a98 e-con-full e-flex e-con e-child\" data-id=\"6951a98\" data-element_type=\"container\" data-e-type=\"container\">\n\t\t\t\t<div class=\"elementor-element elementor-element-8934dde elementor-widget elementor-widget-wd_infobox\" data-id=\"8934dde\" data-element_type=\"widget\" data-e-type=\"widget\" data-widget_type=\"wd_infobox.default\">\n\t\t\t\t<div class=\"elementor-widget-container\">\n\t\t\t\t\t\t\t<div class=\"info-box-wrapper\">\n\t\t\t<div class=\"wd-info-box text-center box-icon-align-top box-style-base color-scheme- with-animation\">\n\t\t\t\t\t\t\t\t\t<div class=\"box-icon-wrapper  box-with-icon box-icon-with-bg\">\n\t\t\t\t\t\t<div class=\"info-box-icon\">\n\t\t\t\t\t\t\t\t\t\t\t\t\t\t\t<span class=\"info-svg-wrapper info-icon\" style=\"width:80px; height:80px;\"><\/span>\t\t\t\t\t\t\t\t\t\t\t\t\t<\/div>\n\t\t\t\t\t<\/div>\n\t\t\t\t\n\t\t\t\t<div class=\"info-box-content\">\n\t\t\t\t\t\n\t\t\t\t\t\t\t\t\t\t\t<h3\t\t\t\t\t\tclass=\"info-box-title title box-title-style-default wd-fontsize-m\" data-elementor-setting-key=\"title\">\n\t\t\t\t\t\t\t\t968 58 29 55\t\t\t\t\t\t<\/h3>\n\t\t\t\t\t\n\t\t\t\t\t<div class=\"info-box-inner reset-last-child\"data-elementor-setting-key=\"content\"><\/div>\n\n\t\t\t\t\t\t\t\t\t<\/div>\n\n\t\t\t\t\t\t\t\t\t<a href=\"tel:968582955\" class=\"wd-info-box-link wd-fill\" aria-label=\"Infobox link\"><\/a>\n\t\t\t\t\t\t\t<\/div>\n\t\t<\/div>\n\t\t\t\t\t\t<\/div>\n\t\t\t\t<\/div>\n\t\t\t\t<\/div>\n\t\t\t\t<\/div>\n\t\t\t\t\t<\/div>\n\t\t\t\t<\/div>\n\t\t\t\t<\/div>","protected":false},"excerpt":{"rendered":"<p>Seguros Seguros para particulares, aut\u00f3nomos y empresas En Puntotec seguros nos dedicamos a la venta e intermediaci\u00f3n de seguros para<\/p>","protected":false},"author":1,"featured_media":0,"parent":0,"menu_order":0,"comment_status":"closed","ping_status":"closed","template":"","meta":{"footnotes":""},"imc_layers":[],"imc_icons":[],"class_list":["post-416","page","type-page","status-publish","hentry"],"imc_loc":"","imc_img_tag":null,"yoast_head":"<!-- This site is optimized with the Yoast SEO plugin v26.8 - https:\/\/yoast.com\/product\/yoast-seo-wordpress\/ -->\n<title>Seguros para particulares y empresas en Los Alc\u00e1zares - PUNTOTEC<\/title>\n<meta name=\"description\" content=\"Seguros para particulares, aut\u00f3nomos y empresas en Los Alc\u00e1zares, con asesoramiento personalizado y precios competitivos.\" \/>\n<meta name=\"robots\" content=\"index, follow, max-snippet:-1, max-image-preview:large, max-video-preview:-1\" \/>\n<link rel=\"canonical\" href=\"https:\/\/www.puntotecservices.com\/en\/seguros\/\" \/>\n<meta property=\"og:locale\" content=\"en_GB\" \/>\n<meta property=\"og:type\" content=\"article\" \/>\n<meta property=\"og:title\" content=\"Seguros para particulares y empresas en Los Alc\u00e1zares - PUNTOTEC\" \/>\n<meta property=\"og:description\" content=\"Seguros para particulares, aut\u00f3nomos y empresas en Los Alc\u00e1zares, con asesoramiento personalizado y precios competitivos.\" \/>\n<meta property=\"og:url\" content=\"https:\/\/www.puntotecservices.com\/en\/seguros\/\" \/>\n<meta property=\"og:site_name\" content=\"PUNTOTEC\" \/>\n<meta property=\"article:modified_time\" content=\"2026-02-02T16:16:49+00:00\" \/>\n<meta property=\"og:image\" content=\"https:\/\/www.puntotecservices.com\/wp-content\/uploads\/2026\/01\/header-seguros.puntotec-600x600.jpg\" \/>\n<meta name=\"twitter:card\" content=\"summary_large_image\" \/>\n<meta name=\"twitter:label1\" content=\"Estimated reading time\" \/>\n\t<meta name=\"twitter:data1\" content=\"1 minute\" \/>\n<script type=\"application\/ld+json\" class=\"yoast-schema-graph\">{\"@context\":\"https:\/\/schema.org\",\"@graph\":[{\"@type\":\"WebPage\",\"@id\":\"https:\/\/www.puntotecservices.com\/seguros\/\",\"url\":\"https:\/\/www.puntotecservices.com\/seguros\/\",\"name\":\"Seguros para particulares y empresas en Los Alc\u00e1zares - PUNTOTEC\",\"isPartOf\":{\"@id\":\"https:\/\/www.puntotecservices.com\/#website\"},\"primaryImageOfPage\":{\"@id\":\"https:\/\/www.puntotecservices.com\/seguros\/#primaryimage\"},\"image\":{\"@id\":\"https:\/\/www.puntotecservices.com\/seguros\/#primaryimage\"},\"thumbnailUrl\":\"https:\/\/www.puntotecservices.com\/wp-content\/uploads\/2026\/01\/header-seguros.puntotec-600x600.jpg\",\"datePublished\":\"2026-01-28T07:39:58+00:00\",\"dateModified\":\"2026-02-02T16:16:49+00:00\",\"description\":\"Seguros para particulares, aut\u00f3nomos y empresas en Los Alc\u00e1zares, con asesoramiento personalizado y precios competitivos.\",\"breadcrumb\":{\"@id\":\"https:\/\/www.puntotecservices.com\/seguros\/#breadcrumb\"},\"inLanguage\":\"en-GB\",\"potentialAction\":[{\"@type\":\"ReadAction\",\"target\":[\"https:\/\/www.puntotecservices.com\/seguros\/\"]}]},{\"@type\":\"ImageObject\",\"inLanguage\":\"en-GB\",\"@id\":\"https:\/\/www.puntotecservices.com\/seguros\/#primaryimage\",\"url\":\"https:\/\/www.puntotecservices.com\/wp-content\/uploads\/2026\/01\/header-seguros.puntotec-600x600.jpg\",\"contentUrl\":\"https:\/\/www.puntotecservices.com\/wp-content\/uploads\/2026\/01\/header-seguros.puntotec-600x600.jpg\"},{\"@type\":\"BreadcrumbList\",\"@id\":\"https:\/\/www.puntotecservices.com\/seguros\/#breadcrumb\",\"itemListElement\":[{\"@type\":\"ListItem\",\"position\":1,\"name\":\"Portada\",\"item\":\"https:\/\/www.puntotecservices.com\/\"},{\"@type\":\"ListItem\",\"position\":2,\"name\":\"Seguros\"}]},{\"@type\":\"WebSite\",\"@id\":\"https:\/\/www.puntotecservices.com\/#website\",\"url\":\"https:\/\/www.puntotecservices.com\/\",\"name\":\"PUNTOTEC\",\"description\":\"Ingenier\u00eda y Servicios\",\"potentialAction\":[{\"@type\":\"SearchAction\",\"target\":{\"@type\":\"EntryPoint\",\"urlTemplate\":\"https:\/\/www.puntotecservices.com\/?s={search_term_string}\"},\"query-input\":{\"@type\":\"PropertyValueSpecification\",\"valueRequired\":true,\"valueName\":\"search_term_string\"}}],\"inLanguage\":\"en-GB\"}]}<\/script>\n<!-- \/ Yoast SEO plugin. -->","yoast_head_json":{"title":"Seguros para particulares y empresas en Los Alc\u00e1zares - PUNTOTEC","description":"Seguros para particulares, aut\u00f3nomos y empresas en Los Alc\u00e1zares, con asesoramiento personalizado y precios competitivos.","robots":{"index":"index","follow":"follow","max-snippet":"max-snippet:-1","max-image-preview":"max-image-preview:large","max-video-preview":"max-video-preview:-1"},"canonical":"https:\/\/www.puntotecservices.com\/en\/seguros\/","og_locale":"en_GB","og_type":"article","og_title":"Seguros para particulares y empresas en Los Alc\u00e1zares - PUNTOTEC","og_description":"Seguros para particulares, aut\u00f3nomos y empresas en Los Alc\u00e1zares, con asesoramiento personalizado y precios competitivos.","og_url":"https:\/\/www.puntotecservices.com\/en\/seguros\/","og_site_name":"PUNTOTEC","article_modified_time":"2026-02-02T16:16:49+00:00","og_image":[{"url":"https:\/\/www.puntotecservices.com\/wp-content\/uploads\/2026\/01\/header-seguros.puntotec-600x600.jpg","type":"","width":"","height":""}],"twitter_card":"summary_large_image","twitter_misc":{"Estimated reading time":"1 minute"},"schema":{"@context":"https:\/\/schema.org","@graph":[{"@type":"WebPage","@id":"https:\/\/www.puntotecservices.com\/seguros\/","url":"https:\/\/www.puntotecservices.com\/seguros\/","name":"Seguros para particulares y empresas en Los Alc\u00e1zares - PUNTOTEC","isPartOf":{"@id":"https:\/\/www.puntotecservices.com\/#website"},"primaryImageOfPage":{"@id":"https:\/\/www.puntotecservices.com\/seguros\/#primaryimage"},"image":{"@id":"https:\/\/www.puntotecservices.com\/seguros\/#primaryimage"},"thumbnailUrl":"https:\/\/www.puntotecservices.com\/wp-content\/uploads\/2026\/01\/header-seguros.puntotec-600x600.jpg","datePublished":"2026-01-28T07:39:58+00:00","dateModified":"2026-02-02T16:16:49+00:00","description":"Seguros para particulares, aut\u00f3nomos y empresas en Los Alc\u00e1zares, con asesoramiento personalizado y precios competitivos.","breadcrumb":{"@id":"https:\/\/www.puntotecservices.com\/seguros\/#breadcrumb"},"inLanguage":"en-GB","potentialAction":[{"@type":"ReadAction","target":["https:\/\/www.puntotecservices.com\/seguros\/"]}]},{"@type":"ImageObject","inLanguage":"en-GB","@id":"https:\/\/www.puntotecservices.com\/seguros\/#primaryimage","url":"https:\/\/www.puntotecservices.com\/wp-content\/uploads\/2026\/01\/header-seguros.puntotec-600x600.jpg","contentUrl":"https:\/\/www.puntotecservices.com\/wp-content\/uploads\/2026\/01\/header-seguros.puntotec-600x600.jpg"},{"@type":"BreadcrumbList","@id":"https:\/\/www.puntotecservices.com\/seguros\/#breadcrumb","itemListElement":[{"@type":"ListItem","position":1,"name":"Portada","item":"https:\/\/www.puntotecservices.com\/"},{"@type":"ListItem","position":2,"name":"Seguros"}]},{"@type":"WebSite","@id":"https:\/\/www.puntotecservices.com\/#website","url":"https:\/\/www.puntotecservices.com\/","name":"PUNTOTEC","description":"Ingenier\u00eda y Servicios","potentialAction":[{"@type":"SearchAction","target":{"@type":"EntryPoint","urlTemplate":"https:\/\/www.puntotecservices.com\/?s={search_term_string}"},"query-input":{"@type":"PropertyValueSpecification","valueRequired":true,"valueName":"search_term_string"}}],"inLanguage":"en-GB"}]}},"_links":{"self":[{"href":"https:\/\/www.puntotecservices.com\/en\/wp-json\/wp\/v2\/pages\/416","targetHints":{"allow":["GET"]}}],"collection":[{"href":"https:\/\/www.puntotecservices.com\/en\/wp-json\/wp\/v2\/pages"}],"about":[{"href":"https:\/\/www.puntotecservices.com\/en\/wp-json\/wp\/v2\/types\/page"}],"author":[{"embeddable":true,"href":"https:\/\/www.puntotecservices.com\/en\/wp-json\/wp\/v2\/users\/1"}],"replies":[{"embeddable":true,"href":"https:\/\/www.puntotecservices.com\/en\/wp-json\/wp\/v2\/comments?post=416"}],"version-history":[{"count":3,"href":"https:\/\/www.puntotecservices.com\/en\/wp-json\/wp\/v2\/pages\/416\/revisions"}],"predecessor-version":[{"id":421,"href":"https:\/\/www.puntotecservices.com\/en\/wp-json\/wp\/v2\/pages\/416\/revisions\/421"}],"wp:attachment":[{"href":"https:\/\/www.puntotecservices.com\/en\/wp-json\/wp\/v2\/media?parent=416"}],"wp:term":[{"taxonomy":"imc-layer","embeddable":true,"href":"https:\/\/www.puntotecservices.com\/en\/wp-json\/wp\/v2\/imc_layers?post=416"},{"taxonomy":"imc-icon","embeddable":true,"href":"https:\/\/www.puntotecservices.com\/en\/wp-json\/wp\/v2\/imc_icons?post=416"}],"curies":[{"name":"wp","href":"https:\/\/api.w.org\/{rel}","templated":true}]}}