{"id":397,"date":"2026-01-26T12:46:34","date_gmt":"2026-01-26T12:46:34","guid":{"rendered":"https:\/\/www.puntotecservices.com\/iberdrola\/"},"modified":"2026-02-02T16:15:45","modified_gmt":"2026-02-02T16:15:45","slug":"iberdrola","status":"publish","type":"page","link":"https:\/\/www.puntotecservices.com\/en\/iberdrola\/","title":{"rendered":"Iberdrola"},"content":{"rendered":"<div data-elementor-type=\"wp-page\" data-elementor-id=\"397\" class=\"elementor elementor-397\" data-elementor-post-type=\"page\">\n\t\t\t\t<div class=\"wd-negative-gap elementor-element elementor-element-3c26bc32 wd-section-stretch e-flex e-con-boxed e-con e-parent\" data-id=\"3c26bc32\" data-element_type=\"container\" data-e-type=\"container\" data-settings=\"{&quot;background_background&quot;:&quot;classic&quot;}\">\n\t\t\t\t\t<div class=\"e-con-inner\">\n\t\t<div class=\"elementor-element elementor-element-d2ce185 e-con-full e-flex e-con e-child\" data-id=\"d2ce185\" data-element_type=\"container\" data-e-type=\"container\">\n\t\t\t\t<div class=\"elementor-element elementor-element-0554663 elementor-widget elementor-widget-wd_image_or_svg\" data-id=\"0554663\" data-element_type=\"widget\" data-e-type=\"widget\" data-widget_type=\"wd_image_or_svg.default\">\n\t\t\t\t<div class=\"elementor-widget-container\">\n\t\t\t\t\t\n\t\t<div class=\"wd-image text-left\">\n\t\t\t\t\t\t\t\t<img decoding=\"async\"  src=\"https:\/\/www.puntotecservices.com\/wp-content\/uploads\/2026\/01\/ico-iberdrola.svg\" title=\"ico-iberdrola\" loading=\"lazy\" width=\"500\" height=\"500\">\t\t\t\t\t<\/div>\n\n\t\t\t\t\t\t<\/div>\n\t\t\t\t<\/div>\n\t\t\t\t<div class=\"elementor-element elementor-element-69f338e6 wd-animation-zoom-in wd_delay_250 wd-width-100 wd-animation-normal wd-animation wd-transform elementor-widget elementor-widget-wd_title\" data-id=\"69f338e6\" data-element_type=\"widget\" data-e-type=\"widget\" data-widget_type=\"wd_title.default\">\n\t\t\t\t<div class=\"elementor-widget-container\">\n\t\t\t\t\t\t\t<div class=\"title-wrapper wd-set-mb reset-last-child wd-title-color-white wd-title-style-default wd-title-size-default text-left\">\n\n\t\t\t\n\t\t\t<div class=\"liner-continer\">\n\t\t\t\t<h1 class=\"woodmart-title-container title wd-fontsize-l\">Punto de Atenci\u00f3n Iberdrola en Los Alc\u00e1zares (Murcia)<\/h1> \n\t\t\t\t\t\t\t<\/div>\n\n\t\t\t\t\t<\/div>\n\t\t\t\t\t\t<\/div>\n\t\t\t\t<\/div>\n\t\t\t\t<div class=\"elementor-element elementor-element-839f1dc elementor-widget elementor-widget-wd_button\" data-id=\"839f1dc\" data-element_type=\"widget\" data-e-type=\"widget\" data-widget_type=\"wd_button.default\">\n\t\t\t\t<div class=\"elementor-widget-container\">\n\t\t\t\t\t\t\t<div class=\"wd-button-wrapper text-left\" >\n\t\t\t<a class=\"btn btn-style-default btn-shape-round btn-size-large btn-icon-pos-right\"  href=\"\/en\/contacto\/\">\n\t\t\t\t<span class=\"wd-btn-text\" data-elementor-setting-key=\"text\">\n\t\t\t\t\tPide asesoramiento gratuito\t\t\t\t<\/span>\n\n\t\t\t\t\t\t\t<\/a>\n\t\t<\/div>\n\t\t\t\t\t\t<\/div>\n\t\t\t\t<\/div>\n\t\t\t\t<\/div>\n\t\t\t\t\t<\/div>\n\t\t\t\t<\/div>\n\t\t<div class=\"wd-negative-gap elementor-element elementor-element-3aaf679e wd-section-stretch e-flex e-con-boxed e-con e-parent\" data-id=\"3aaf679e\" data-element_type=\"container\" data-e-type=\"container\" data-settings=\"{&quot;background_background&quot;:&quot;classic&quot;}\">\n\t\t\t\t\t<div class=\"e-con-inner\">\n\t\t<div class=\"elementor-element elementor-element-3e1eaf33 e-con-full e-flex e-con e-child\" data-id=\"3e1eaf33\" data-element_type=\"container\" data-e-type=\"container\" data-settings=\"{&quot;background_background&quot;:&quot;classic&quot;}\">\n\t\t\t\t<div class=\"elementor-element elementor-element-9a2684b wd-animation-slide-short-from-left wd-width-100 wd-animation-normal wd_delay_100 wd-animation wd-transform elementor-widget elementor-widget-wd_title\" data-id=\"9a2684b\" data-element_type=\"widget\" data-e-type=\"widget\" data-widget_type=\"wd_title.default\">\n\t\t\t\t<div class=\"elementor-widget-container\">\n\t\t\t\t\t\t\t<div class=\"title-wrapper wd-set-mb reset-last-child wd-title-color-default wd-title-style-default wd-title-size-default text-left\">\n\n\t\t\t\n\t\t\t<div class=\"liner-continer\">\n\t\t\t\t<h2 class=\"woodmart-title-container title wd-fontsize-l\">Iberdrola<\/h2> \n\t\t\t\t\t\t\t<\/div>\n\n\t\t\t\t\t\t\t<div class=\"title-after_title reset-last-child wd-fontsize-xs\">\n\t\t\t\t\tPunto de servicio y distribuidor oficial de productos y servicios de Iberdrola en Los Alc\u00e1zares, Murcia. donde ofrecemos un servicio personalizado con el \u00fanico objetivo de encontrar la mejor soluci\u00f3n energ\u00e9tica para tu hogar.<br \/>\n<br \/>\nPonemos a tu disposici\u00f3n <strong><span style=\"color:#5bd38c\">planes y tarifas de luz y gas<\/span><\/strong> para que puedas elegir el que mejor se adapte a tu consumo.<br \/>\n<br \/>\nGracias a nuestro equipo de asesores, te contamos c\u00f3mo ser m\u00e1s eficiente d\u00eda a d\u00eda con tu energ\u00eda el\u00e9ctrica y de gas.\t\t\t\t<\/div>\n\t\t\t\t\t<\/div>\n\t\t\t\t\t\t<\/div>\n\t\t\t\t<\/div>\n\t\t\t\t<\/div>\n\t\t<div class=\"elementor-element elementor-element-12f04675 e-con-full e-flex e-con e-child\" data-id=\"12f04675\" data-element_type=\"container\" data-e-type=\"container\">\n\t\t\t\t<div class=\"elementor-element elementor-element-11e4f8b9 elementor-widget elementor-widget-wd_image_or_svg\" data-id=\"11e4f8b9\" data-element_type=\"widget\" data-e-type=\"widget\" data-widget_type=\"wd_image_or_svg.default\">\n\t\t\t\t<div class=\"elementor-widget-container\">\n\t\t\t\t\t\n\t\t<div class=\"wd-image text-right\">\n\t\t\t\t\t\t\t\t<img loading=\"lazy\" decoding=\"async\" width=\"600\" height=\"600\" src=\"https:\/\/www.puntotecservices.com\/wp-content\/uploads\/2026\/01\/servicios-contrataciones-600x600.jpg\" class=\"attachment-600x600 size-600x600\" alt=\"\" srcset=\"https:\/\/www.puntotecservices.com\/wp-content\/uploads\/2026\/01\/servicios-contrataciones-600x600.jpg 600w, https:\/\/www.puntotecservices.com\/wp-content\/uploads\/2026\/01\/servicios-contrataciones-150x150.jpg 150w, https:\/\/www.puntotecservices.com\/wp-content\/uploads\/2026\/01\/servicios-contrataciones-400x400.jpg 400w\" sizes=\"auto, (max-width: 600px) 100vw, 600px\" \/>\t\t\t\t\t<\/div>\n\n\t\t\t\t\t\t<\/div>\n\t\t\t\t<\/div>\n\t\t\t\t<\/div>\n\t\t\t\t\t<\/div>\n\t\t\t\t<\/div>\n\t\t<div class=\"wd-negative-gap elementor-element elementor-element-48fa7960 wd-section-stretch e-flex e-con-boxed e-con e-parent\" data-id=\"48fa7960\" data-element_type=\"container\" data-e-type=\"container\" data-settings=\"{&quot;background_background&quot;:&quot;classic&quot;}\">\n\t\t\t\t\t<div class=\"e-con-inner\">\n\t\t<div class=\"elementor-element elementor-element-69e7c43 e-con-full e-flex e-con e-child\" data-id=\"69e7c43\" data-element_type=\"container\" data-e-type=\"container\">\n\t\t\t\t<div class=\"elementor-element elementor-element-18dcbaad wd-animation-zoom-in wd_delay_250 wd-width-100 wd-animation-normal wd-animation wd-transform elementor-widget elementor-widget-wd_title\" data-id=\"18dcbaad\" data-element_type=\"widget\" data-e-type=\"widget\" data-widget_type=\"wd_title.default\">\n\t\t\t\t<div class=\"elementor-widget-container\">\n\t\t\t\t\t\t\t<div class=\"title-wrapper wd-set-mb reset-last-child wd-title-color-white wd-title-style-default wd-title-size-default text-left\">\n\n\t\t\t\n\t\t\t<div class=\"liner-continer\">\n\t\t\t\t<h2 class=\"woodmart-title-container title wd-fontsize-l\">\u00a1Empieza ahorrar en tu factura de la luz y gas con los <strong>Planes a Tu Medida de Iberdrola<\/strong>!<\/h2> \n\t\t\t\t\t\t\t<\/div>\n\n\t\t\t\t\t<\/div>\n\t\t\t\t\t\t<\/div>\n\t\t\t\t<\/div>\n\t\t\t\t<div class=\"elementor-element elementor-element-98460a6 elementor-widget__width-initial elementor-widget elementor-widget-wd_button\" data-id=\"98460a6\" data-element_type=\"widget\" data-e-type=\"widget\" data-widget_type=\"wd_button.default\">\n\t\t\t\t<div class=\"elementor-widget-container\">\n\t\t\t\t\t\t\t<div class=\"wd-button-wrapper text-center\" >\n\t\t\t<a class=\"btn btn-style-default btn-shape-round btn-size-extra-large btn-icon-pos-right\"  href=\"\/en\/contacto\/\">\n\t\t\t\t<span class=\"wd-btn-text\" data-elementor-setting-key=\"text\">\n\t\t\t\t\tSend your query\t\t\t\t<\/span>\n\n\t\t\t\t\t\t\t<\/a>\n\t\t<\/div>\n\t\t\t\t\t\t<\/div>\n\t\t\t\t<\/div>\n\t\t\t\t<\/div>\n\t\t\t\t\t<\/div>\n\t\t\t\t<\/div>\n\t\t\t\t<\/div>","protected":false},"excerpt":{"rendered":"<p>Punto de Atenci\u00f3n Iberdrola en Los Alc\u00e1zares (Murcia) Pide asesoramiento gratuito Iberdrola Punto de servicio y distribuidor oficial de productos<\/p>","protected":false},"author":1,"featured_media":0,"parent":0,"menu_order":0,"comment_status":"closed","ping_status":"closed","template":"","meta":{"footnotes":""},"imc_layers":[],"imc_icons":[],"class_list":["post-397","page","type-page","status-publish","hentry"],"imc_loc":"","imc_img_tag":null,"yoast_head":"<!-- This site is optimized with the Yoast SEO plugin v26.8 - https:\/\/yoast.com\/product\/yoast-seo-wordpress\/ -->\n<title>Punto de atenci\u00f3n Iberdrola en Los Alc\u00e1zares - PUNTOTEC<\/title>\n<meta name=\"description\" content=\"Punto de atenci\u00f3n Iberdrola en Los Alc\u00e1zares. Asesoramiento en tarifas de luz y gas para ahorrar en tu factura.\" \/>\n<meta name=\"robots\" content=\"index, follow, max-snippet:-1, max-image-preview:large, max-video-preview:-1\" \/>\n<link rel=\"canonical\" href=\"https:\/\/www.puntotecservices.com\/en\/iberdrola\/\" \/>\n<meta property=\"og:locale\" content=\"en_GB\" \/>\n<meta property=\"og:type\" content=\"article\" \/>\n<meta property=\"og:title\" content=\"Punto de atenci\u00f3n Iberdrola en Los Alc\u00e1zares - PUNTOTEC\" \/>\n<meta property=\"og:description\" content=\"Punto de atenci\u00f3n Iberdrola en Los Alc\u00e1zares. Asesoramiento en tarifas de luz y gas para ahorrar en tu factura.\" \/>\n<meta property=\"og:url\" content=\"https:\/\/www.puntotecservices.com\/en\/iberdrola\/\" \/>\n<meta property=\"og:site_name\" content=\"PUNTOTEC\" \/>\n<meta property=\"article:modified_time\" content=\"2026-02-02T16:15:45+00:00\" \/>\n<meta property=\"og:image\" content=\"https:\/\/www.puntotecservices.com\/wp-content\/uploads\/2026\/01\/ico-iberdrola.svg\" \/>\n<meta name=\"twitter:card\" content=\"summary_large_image\" \/>\n<meta name=\"twitter:label1\" content=\"Estimated reading time\" \/>\n\t<meta name=\"twitter:data1\" content=\"1 minute\" \/>\n<script type=\"application\/ld+json\" class=\"yoast-schema-graph\">{\"@context\":\"https:\/\/schema.org\",\"@graph\":[{\"@type\":\"WebPage\",\"@id\":\"https:\/\/www.puntotecservices.com\/iberdrola\/\",\"url\":\"https:\/\/www.puntotecservices.com\/iberdrola\/\",\"name\":\"Punto de atenci\u00f3n Iberdrola en Los Alc\u00e1zares - PUNTOTEC\",\"isPartOf\":{\"@id\":\"https:\/\/www.puntotecservices.com\/#website\"},\"primaryImageOfPage\":{\"@id\":\"https:\/\/www.puntotecservices.com\/iberdrola\/#primaryimage\"},\"image\":{\"@id\":\"https:\/\/www.puntotecservices.com\/iberdrola\/#primaryimage\"},\"thumbnailUrl\":\"https:\/\/www.puntotecservices.com\/wp-content\/uploads\/2026\/01\/ico-iberdrola.svg\",\"datePublished\":\"2026-01-26T12:46:34+00:00\",\"dateModified\":\"2026-02-02T16:15:45+00:00\",\"description\":\"Punto de atenci\u00f3n Iberdrola en Los Alc\u00e1zares. Asesoramiento en tarifas de luz y gas para ahorrar en tu factura.\",\"breadcrumb\":{\"@id\":\"https:\/\/www.puntotecservices.com\/iberdrola\/#breadcrumb\"},\"inLanguage\":\"en-GB\",\"potentialAction\":[{\"@type\":\"ReadAction\",\"target\":[\"https:\/\/www.puntotecservices.com\/iberdrola\/\"]}]},{\"@type\":\"ImageObject\",\"inLanguage\":\"en-GB\",\"@id\":\"https:\/\/www.puntotecservices.com\/iberdrola\/#primaryimage\",\"url\":\"https:\/\/www.puntotecservices.com\/wp-content\/uploads\/2026\/01\/ico-iberdrola.svg\",\"contentUrl\":\"https:\/\/www.puntotecservices.com\/wp-content\/uploads\/2026\/01\/ico-iberdrola.svg\"},{\"@type\":\"BreadcrumbList\",\"@id\":\"https:\/\/www.puntotecservices.com\/iberdrola\/#breadcrumb\",\"itemListElement\":[{\"@type\":\"ListItem\",\"position\":1,\"name\":\"Portada\",\"item\":\"https:\/\/www.puntotecservices.com\/\"},{\"@type\":\"ListItem\",\"position\":2,\"name\":\"Iberdrola\"}]},{\"@type\":\"WebSite\",\"@id\":\"https:\/\/www.puntotecservices.com\/#website\",\"url\":\"https:\/\/www.puntotecservices.com\/\",\"name\":\"PUNTOTEC\",\"description\":\"Ingenier\u00eda y Servicios\",\"potentialAction\":[{\"@type\":\"SearchAction\",\"target\":{\"@type\":\"EntryPoint\",\"urlTemplate\":\"https:\/\/www.puntotecservices.com\/?s={search_term_string}\"},\"query-input\":{\"@type\":\"PropertyValueSpecification\",\"valueRequired\":true,\"valueName\":\"search_term_string\"}}],\"inLanguage\":\"en-GB\"}]}<\/script>\n<!-- \/ Yoast SEO plugin. -->","yoast_head_json":{"title":"Punto de atenci\u00f3n Iberdrola en Los Alc\u00e1zares - PUNTOTEC","description":"Punto de atenci\u00f3n Iberdrola en Los Alc\u00e1zares. Asesoramiento en tarifas de luz y gas para ahorrar en tu factura.","robots":{"index":"index","follow":"follow","max-snippet":"max-snippet:-1","max-image-preview":"max-image-preview:large","max-video-preview":"max-video-preview:-1"},"canonical":"https:\/\/www.puntotecservices.com\/en\/iberdrola\/","og_locale":"en_GB","og_type":"article","og_title":"Punto de atenci\u00f3n Iberdrola en Los Alc\u00e1zares - PUNTOTEC","og_description":"Punto de atenci\u00f3n Iberdrola en Los Alc\u00e1zares. Asesoramiento en tarifas de luz y gas para ahorrar en tu factura.","og_url":"https:\/\/www.puntotecservices.com\/en\/iberdrola\/","og_site_name":"PUNTOTEC","article_modified_time":"2026-02-02T16:15:45+00:00","og_image":[{"url":"https:\/\/www.puntotecservices.com\/wp-content\/uploads\/2026\/01\/ico-iberdrola.svg","type":"","width":"","height":""}],"twitter_card":"summary_large_image","twitter_misc":{"Estimated reading time":"1 minute"},"schema":{"@context":"https:\/\/schema.org","@graph":[{"@type":"WebPage","@id":"https:\/\/www.puntotecservices.com\/iberdrola\/","url":"https:\/\/www.puntotecservices.com\/iberdrola\/","name":"Punto de atenci\u00f3n Iberdrola en Los Alc\u00e1zares - PUNTOTEC","isPartOf":{"@id":"https:\/\/www.puntotecservices.com\/#website"},"primaryImageOfPage":{"@id":"https:\/\/www.puntotecservices.com\/iberdrola\/#primaryimage"},"image":{"@id":"https:\/\/www.puntotecservices.com\/iberdrola\/#primaryimage"},"thumbnailUrl":"https:\/\/www.puntotecservices.com\/wp-content\/uploads\/2026\/01\/ico-iberdrola.svg","datePublished":"2026-01-26T12:46:34+00:00","dateModified":"2026-02-02T16:15:45+00:00","description":"Punto de atenci\u00f3n Iberdrola en Los Alc\u00e1zares. Asesoramiento en tarifas de luz y gas para ahorrar en tu factura.","breadcrumb":{"@id":"https:\/\/www.puntotecservices.com\/iberdrola\/#breadcrumb"},"inLanguage":"en-GB","potentialAction":[{"@type":"ReadAction","target":["https:\/\/www.puntotecservices.com\/iberdrola\/"]}]},{"@type":"ImageObject","inLanguage":"en-GB","@id":"https:\/\/www.puntotecservices.com\/iberdrola\/#primaryimage","url":"https:\/\/www.puntotecservices.com\/wp-content\/uploads\/2026\/01\/ico-iberdrola.svg","contentUrl":"https:\/\/www.puntotecservices.com\/wp-content\/uploads\/2026\/01\/ico-iberdrola.svg"},{"@type":"BreadcrumbList","@id":"https:\/\/www.puntotecservices.com\/iberdrola\/#breadcrumb","itemListElement":[{"@type":"ListItem","position":1,"name":"Portada","item":"https:\/\/www.puntotecservices.com\/"},{"@type":"ListItem","position":2,"name":"Iberdrola"}]},{"@type":"WebSite","@id":"https:\/\/www.puntotecservices.com\/#website","url":"https:\/\/www.puntotecservices.com\/","name":"PUNTOTEC","description":"Ingenier\u00eda y Servicios","potentialAction":[{"@type":"SearchAction","target":{"@type":"EntryPoint","urlTemplate":"https:\/\/www.puntotecservices.com\/?s={search_term_string}"},"query-input":{"@type":"PropertyValueSpecification","valueRequired":true,"valueName":"search_term_string"}}],"inLanguage":"en-GB"}]}},"_links":{"self":[{"href":"https:\/\/www.puntotecservices.com\/en\/wp-json\/wp\/v2\/pages\/397","targetHints":{"allow":["GET"]}}],"collection":[{"href":"https:\/\/www.puntotecservices.com\/en\/wp-json\/wp\/v2\/pages"}],"about":[{"href":"https:\/\/www.puntotecservices.com\/en\/wp-json\/wp\/v2\/types\/page"}],"author":[{"embeddable":true,"href":"https:\/\/www.puntotecservices.com\/en\/wp-json\/wp\/v2\/users\/1"}],"replies":[{"embeddable":true,"href":"https:\/\/www.puntotecservices.com\/en\/wp-json\/wp\/v2\/comments?post=397"}],"version-history":[{"count":9,"href":"https:\/\/www.puntotecservices.com\/en\/wp-json\/wp\/v2\/pages\/397\/revisions"}],"predecessor-version":[{"id":410,"href":"https:\/\/www.puntotecservices.com\/en\/wp-json\/wp\/v2\/pages\/397\/revisions\/410"}],"wp:attachment":[{"href":"https:\/\/www.puntotecservices.com\/en\/wp-json\/wp\/v2\/media?parent=397"}],"wp:term":[{"taxonomy":"imc-layer","embeddable":true,"href":"https:\/\/www.puntotecservices.com\/en\/wp-json\/wp\/v2\/imc_layers?post=397"},{"taxonomy":"imc-icon","embeddable":true,"href":"https:\/\/www.puntotecservices.com\/en\/wp-json\/wp\/v2\/imc_icons?post=397"}],"curies":[{"name":"wp","href":"https:\/\/api.w.org\/{rel}","templated":true}]}}