{"id":360,"date":"2026-01-26T11:35:56","date_gmt":"2026-01-26T11:35:56","guid":{"rendered":"https:\/\/www.puntotecservices.com\/asesoramiento\/"},"modified":"2026-02-02T16:22:34","modified_gmt":"2026-02-02T16:22:34","slug":"asesoramiento","status":"publish","type":"page","link":"https:\/\/www.puntotecservices.com\/en\/servicios\/asesoramiento\/","title":{"rendered":"Advice"},"content":{"rendered":"<div data-elementor-type=\"wp-page\" data-elementor-id=\"360\" class=\"elementor elementor-360\" data-elementor-post-type=\"page\">\n\t\t\t\t<div class=\"wd-negative-gap elementor-element elementor-element-4231e4e0 wd-section-stretch e-flex e-con-boxed e-con e-parent\" data-id=\"4231e4e0\" data-element_type=\"container\" data-e-type=\"container\" data-settings=\"{&quot;background_background&quot;:&quot;classic&quot;}\">\n\t\t\t\t\t<div class=\"e-con-inner\">\n\t\t\t\t<div class=\"elementor-element elementor-element-3cc1d9b elementor-widget elementor-widget-menu-anchor\" data-id=\"3cc1d9b\" data-element_type=\"widget\" data-e-type=\"widget\" data-widget_type=\"menu-anchor.default\">\n\t\t\t\t<div class=\"elementor-widget-container\">\n\t\t\t\t\t\t\t<div class=\"elementor-menu-anchor\" id=\"eficiencia-energetica\"><\/div>\n\t\t\t\t\t\t<\/div>\n\t\t\t\t<\/div>\n\t\t\t\t<div class=\"elementor-element elementor-element-20053173 wd-animation-slide-short-from-left wd-width-100 wd-animation-normal wd_delay_100 wd-animation wd-transform elementor-widget elementor-widget-wd_title\" data-id=\"20053173\" data-element_type=\"widget\" data-e-type=\"widget\" data-widget_type=\"wd_title.default\">\n\t\t\t\t<div class=\"elementor-widget-container\">\n\t\t\t\t\t\t\t<div class=\"title-wrapper wd-set-mb reset-last-child wd-title-color-default wd-title-style-default wd-title-size-default text-left\">\n\n\t\t\t\n\t\t\t<div class=\"liner-continer\">\n\t\t\t\t<h2 class=\"woodmart-title-container title wd-fontsize-l\">Eficiencia energ\u00e9tica<\/h2> \n\t\t\t\t\t\t\t<\/div>\n\n\t\t\t\t\t\t\t<div class=\"title-after_title reset-last-child wd-fontsize-xs\">\n\t\t\t\t\t<p>Es la reducci\u00f3n del consumo de energ\u00eda manteniendo los mismos servicios energ\u00e9ticos, sin disminuir nuestro confort y calidad de vida, protegiendo el medio ambiente, asegurando el abastecimiento y fomentando un comportamiento sostenible en su uso.<\/p><p>En<strong>\u00a0<\/strong><strong>PUNTOTEC<\/strong>\u00a0<strong>INGENIERIA &amp; SERVICIOS<\/strong>\u00a0nos encargamos de la tramitaci\u00f3n y gesti\u00f3n integral para obtener la mejor\u00a0<strong>EFICIENCIA ENERGETICA<\/strong>, adecuada a sus necesidades.<\/p>\t\t\t\t<\/div>\n\t\t\t\t\t<\/div>\n\t\t\t\t\t\t<\/div>\n\t\t\t\t<\/div>\n\t\t\t\t<div class=\"elementor-element elementor-element-d25a81c elementor-widget elementor-widget-wd_list\" data-id=\"d25a81c\" data-element_type=\"widget\" data-e-type=\"widget\" data-widget_type=\"wd_list.default\">\n\t\t\t\t<div class=\"elementor-widget-container\">\n\t\t\t\t\t\t\t<ul class=\"wd-list color-scheme-custom wd-fontsize-xs wd-type-unordered wd-style-rounded text-left wd-shape-icon\">\n\t\t\t\t\t\t\t\t\t\t\t<li class=\"elementor-repeater-item-19b5939\">\n\t\t\t\t\t\t\t\t\t\t\t<span class=\"wd-icon\"><\/span>\t\t\t\t\t\n\t\t\t\t\t<span class=\"wd-list-content list-content\">\n\t\t\t\t\t\t\t\t\t\t\t\t\tAsesoramiento y Consultor\u00eda Energ\u00e9tica\t\t\t\t\t\t\t\t\t\t\t<\/span>\n\t\t\t\t<\/li>\n\t\t\t\t\t\t\t\t\t\t\t<li class=\"elementor-repeater-item-33d6576\">\n\t\t\t\t\t\t\t\t\t\t\t<span class=\"wd-icon\"><\/span>\t\t\t\t\t\n\t\t\t\t\t<span class=\"wd-list-content list-content\">\n\t\t\t\t\t\t\t\t\t\t\t\t\tOptimizaci\u00f3n contrataci\u00f3n El\u00e9ctrica\t\t\t\t\t\t\t\t\t\t\t<\/span>\n\t\t\t\t<\/li>\n\t\t\t\t\t\t\t\t\t\t\t<li class=\"elementor-repeater-item-7e5c6ca\">\n\t\t\t\t\t\t\t\t\t\t\t<span class=\"wd-icon\"><\/span>\t\t\t\t\t\n\t\t\t\t\t<span class=\"wd-list-content list-content\">\n\t\t\t\t\t\t\t\t\t\t\t\t\tNegociaci\u00f3n Contrataci\u00f3n El\u00e9ctrica y Gas\t\t\t\t\t\t\t\t\t\t\t<\/span>\n\t\t\t\t<\/li>\n\t\t\t\t\t\t\t\t\t\t\t<li class=\"elementor-repeater-item-5a34a3d\">\n\t\t\t\t\t\t\t\t\t\t\t<span class=\"wd-icon\"><\/span>\t\t\t\t\t\n\t\t\t\t\t<span class=\"wd-list-content list-content\">\n\t\t\t\t\t\t\t\t\t\t\t\t\tMonitorizaci\u00f3n de Instalaciones El\u00e9ctricas\t\t\t\t\t\t\t\t\t\t\t<\/span>\n\t\t\t\t<\/li>\n\t\t\t\t\t\t\t\t\t\t\t<li class=\"elementor-repeater-item-076d863\">\n\t\t\t\t\t\t\t\t\t\t\t<span class=\"wd-icon\"><\/span>\t\t\t\t\t\n\t\t\t\t\t<span class=\"wd-list-content list-content\">\n\t\t\t\t\t\t\t\t\t\t\t\t\tGesti\u00f3n Energ\u00e9tica\t\t\t\t\t\t\t\t\t\t\t<\/span>\n\t\t\t\t<\/li>\n\t\t\t\t\t<\/ul>\n\n\t\t\t\t\t\t<\/div>\n\t\t\t\t<\/div>\n\t\t\t\t\t<\/div>\n\t\t\t\t<\/div>\n\t\t<div class=\"wd-negative-gap elementor-element elementor-element-4ced283 wd-section-stretch e-flex e-con-boxed e-con e-parent\" data-id=\"4ced283\" data-element_type=\"container\" data-e-type=\"container\" data-settings=\"{&quot;background_background&quot;:&quot;classic&quot;,&quot;shape_divider_top&quot;:&quot;tilt&quot;}\">\n\t\t\t\t\t<div class=\"e-con-inner\">\n\t\t\t\t<div class=\"elementor-shape elementor-shape-top\" aria-hidden=\"true\" data-negative=\"false\">\n\t\t\t<svg xmlns=\"http:\/\/www.w3.org\/2000\/svg\" viewbox=\"0 0 1000 100\" preserveaspectratio=\"none\">\n\t<path class=\"elementor-shape-fill\" d=\"M0,6V0h1000v100L0,6z\"\/>\n<\/svg>\t\t<\/div>\n\t\t\t\t<div class=\"elementor-element elementor-element-ac00f6d elementor-widget elementor-widget-menu-anchor\" data-id=\"ac00f6d\" data-element_type=\"widget\" data-e-type=\"widget\" data-widget_type=\"menu-anchor.default\">\n\t\t\t\t<div class=\"elementor-widget-container\">\n\t\t\t\t\t\t\t<div class=\"elementor-menu-anchor\" id=\"energias-renovables\"><\/div>\n\t\t\t\t\t\t<\/div>\n\t\t\t\t<\/div>\n\t\t\t\t<div class=\"elementor-element elementor-element-bc10926 wd-animation-slide-short-from-left wd-width-100 wd-animation-normal wd_delay_100 wd-animation wd-transform elementor-widget elementor-widget-wd_title\" data-id=\"bc10926\" data-element_type=\"widget\" data-e-type=\"widget\" data-widget_type=\"wd_title.default\">\n\t\t\t\t<div class=\"elementor-widget-container\">\n\t\t\t\t\t\t\t<div class=\"title-wrapper wd-set-mb reset-last-child wd-title-color-default wd-title-style-default wd-title-size-default text-left\">\n\n\t\t\t\n\t\t\t<div class=\"liner-continer\">\n\t\t\t\t<h2 class=\"woodmart-title-container title wd-fontsize-l\">Energ\u00edas renovables<\/h2> \n\t\t\t\t\t\t\t<\/div>\n\n\t\t\t\t\t\t\t<div class=\"title-after_title reset-last-child wd-fontsize-xs\">\n\t\t\t\t\t<p>Energ\u00edas Renovables centra sus esfuerzos en el aprovechamiento del sol como fuente inagotable de energ\u00eda, convirtiendo en protagonista la energ\u00eda solar t\u00e9rmica y fotovoltaica.<br \/>En<strong>\u00a0<\/strong><strong>PUNTOTEC<\/strong>\u00a0<strong>INGENIERIA &amp; SERVICIOS<\/strong>\u00a0nos encargamos de la tramitaci\u00f3n y gesti\u00f3n integral para obtener las mejores\u00a0<strong>ENERGIAS RENOVABLES<\/strong>, adecuada a sus necesidades.<\/p><h3><strong>Solar T\u00e9rmica<\/strong><\/h3><p>Con esta tecnolog\u00eda conseguimos que la radiaci\u00f3n solar proyectada sobre captadores solares genere el calentamiento del agua para su posterior utilizaci\u00f3n dom\u00e9stica y en procesos industriales.<br \/>Es un aprovechamiento que supone un importante ahorro de la factura energ\u00e9tica, y que, desde la entrada en vigor del nuevo C\u00f3digo T\u00e9cnico de Edificaci\u00f3n, es obligatoria para todas las nuevas edificaciones.<\/p><h3><strong>Solar Fotovoltaica<\/strong><\/h3><p>Este tipo de tecnolog\u00eda permite producir energ\u00eda electricidad aprovechando la radiaci\u00f3n solar.<br \/>La energ\u00eda el\u00e9ctrica producida tiene una doble aplicaci\u00f3n dependiendo del tipo de<br \/>instalaci\u00f3n que ejecutemos:<\/p><p><strong>PUNTOTEC<\/strong>\u00a0<strong>SERVICIOS\u00a0<\/strong>ofrece las instalaciones solares \"<strong>llave en mano\"<\/strong>. Dentro de este sistema se incluye:<\/p>\t\t\t\t<\/div>\n\t\t\t\t\t<\/div>\n\t\t\t\t\t\t<\/div>\n\t\t\t\t<\/div>\n\t\t\t\t<div class=\"elementor-element elementor-element-bb19785 elementor-widget elementor-widget-wd_list\" data-id=\"bb19785\" data-element_type=\"widget\" data-e-type=\"widget\" data-widget_type=\"wd_list.default\">\n\t\t\t\t<div class=\"elementor-widget-container\">\n\t\t\t\t\t\t\t<ul class=\"wd-list color-scheme-custom wd-fontsize-xs wd-type-unordered wd-style-rounded text-left wd-shape-icon\">\n\t\t\t\t\t\t\t\t\t\t\t<li class=\"elementor-repeater-item-19b5939\">\n\t\t\t\t\t\t\t\t\t\t\t<span class=\"wd-icon\"><\/span>\t\t\t\t\t\n\t\t\t\t\t<span class=\"wd-list-content list-content\">\n\t\t\t\t\t\t\t\t\t\t\t\t\tEstudio de viabilidad del proyecto\t\t\t\t\t\t\t\t\t\t\t<\/span>\n\t\t\t\t<\/li>\n\t\t\t\t\t\t\t\t\t\t\t<li class=\"elementor-repeater-item-33d6576\">\n\t\t\t\t\t\t\t\t\t\t\t<span class=\"wd-icon\"><\/span>\t\t\t\t\t\n\t\t\t\t\t<span class=\"wd-list-content list-content\">\n\t\t\t\t\t\t\t\t\t\t\t\t\tTramitaciones ante los organismos competentes\t\t\t\t\t\t\t\t\t\t\t<\/span>\n\t\t\t\t<\/li>\n\t\t\t\t\t\t\t\t\t\t\t<li class=\"elementor-repeater-item-7e5c6ca\">\n\t\t\t\t\t\t\t\t\t\t\t<span class=\"wd-icon\"><\/span>\t\t\t\t\t\n\t\t\t\t\t<span class=\"wd-list-content list-content\">\n\t\t\t\t\t\t\t\t\t\t\t\t\tProyectos de legalizaci\u00f3n\t\t\t\t\t\t\t\t\t\t\t<\/span>\n\t\t\t\t<\/li>\n\t\t\t\t\t\t\t\t\t\t\t<li class=\"elementor-repeater-item-5a34a3d\">\n\t\t\t\t\t\t\t\t\t\t\t<span class=\"wd-icon\"><\/span>\t\t\t\t\t\n\t\t\t\t\t<span class=\"wd-list-content list-content\">\n\t\t\t\t\t\t\t\t\t\t\t\t\tEjecuci\u00f3n de las obras\t\t\t\t\t\t\t\t\t\t\t<\/span>\n\t\t\t\t<\/li>\n\t\t\t\t\t\t\t\t\t\t\t<li class=\"elementor-repeater-item-076d863\">\n\t\t\t\t\t\t\t\t\t\t\t<span class=\"wd-icon\"><\/span>\t\t\t\t\t\n\t\t\t\t\t<span class=\"wd-list-content list-content\">\n\t\t\t\t\t\t\t\t\t\t\t\t\tPuesta en marcha\t\t\t\t\t\t\t\t\t\t\t<\/span>\n\t\t\t\t<\/li>\n\t\t\t\t\t\t\t\t\t\t\t<li class=\"elementor-repeater-item-db35b7e\">\n\t\t\t\t\t\t\t\t\t\t\t<span class=\"wd-icon\"><\/span>\t\t\t\t\t\n\t\t\t\t\t<span class=\"wd-list-content list-content\">\n\t\t\t\t\t\t\t\t\t\t\t\t\tTramitaci\u00f3n de subvenciones\t\t\t\t\t\t\t\t\t\t\t<\/span>\n\t\t\t\t<\/li>\n\t\t\t\t\t<\/ul>\n\n\t\t\t\t\t\t<\/div>\n\t\t\t\t<\/div>\n\t\t\t\t\t<\/div>\n\t\t\t\t<\/div>\n\t\t<div class=\"wd-negative-gap elementor-element elementor-element-2053b0d wd-section-stretch e-flex e-con-boxed e-con e-parent\" data-id=\"2053b0d\" data-element_type=\"container\" data-e-type=\"container\" data-settings=\"{&quot;background_background&quot;:&quot;classic&quot;,&quot;shape_divider_top&quot;:&quot;tilt&quot;}\">\n\t\t\t\t\t<div class=\"e-con-inner\">\n\t\t\t\t<div class=\"elementor-shape elementor-shape-top\" aria-hidden=\"true\" data-negative=\"false\">\n\t\t\t<svg xmlns=\"http:\/\/www.w3.org\/2000\/svg\" viewbox=\"0 0 1000 100\" preserveaspectratio=\"none\">\n\t<path class=\"elementor-shape-fill\" d=\"M0,6V0h1000v100L0,6z\"\/>\n<\/svg>\t\t<\/div>\n\t\t\t\t<div class=\"elementor-element elementor-element-592aae7 elementor-widget elementor-widget-menu-anchor\" data-id=\"592aae7\" data-element_type=\"widget\" data-e-type=\"widget\" data-widget_type=\"menu-anchor.default\">\n\t\t\t\t<div class=\"elementor-widget-container\">\n\t\t\t\t\t\t\t<div class=\"elementor-menu-anchor\" id=\"instalaciones-electricas\"><\/div>\n\t\t\t\t\t\t<\/div>\n\t\t\t\t<\/div>\n\t\t\t\t<div class=\"elementor-element elementor-element-78b895f wd-animation-slide-short-from-left wd-width-100 wd-animation-normal wd_delay_100 wd-animation wd-transform elementor-widget elementor-widget-wd_title\" data-id=\"78b895f\" data-element_type=\"widget\" data-e-type=\"widget\" data-widget_type=\"wd_title.default\">\n\t\t\t\t<div class=\"elementor-widget-container\">\n\t\t\t\t\t\t\t<div class=\"title-wrapper wd-set-mb reset-last-child wd-title-color-default wd-title-style-default wd-title-size-default text-left\">\n\n\t\t\t\n\t\t\t<div class=\"liner-continer\">\n\t\t\t\t<h2 class=\"woodmart-title-container title wd-fontsize-l\">Instalaciones el\u00e9ctricas<\/h2> \n\t\t\t\t\t\t\t<\/div>\n\n\t\t\t\t\t\t\t<div class=\"title-after_title reset-last-child wd-fontsize-xs\">\n\t\t\t\t\t<p>Disponemos de un amplio equipo de profesionales para ofrecerle el mejor asesoramiento en instalaciones el\u00e9ctricas de uso domestico, acometidas, mantenimientos, avisos, aver\u00edas, proyectos el\u00e9ctricos\u2026<strong>\u00a0<\/strong><\/p><p>En<strong>\u00a0<\/strong><strong>PUNTOTEC<\/strong>\u00a0<strong>INGENIERIA &amp; SERVICIOS<\/strong>\u00a0nos encargamos de la tramitaci\u00f3n y gesti\u00f3n integral, adecuada a sus necesidades.<\/p>\t\t\t\t<\/div>\n\t\t\t\t\t<\/div>\n\t\t\t\t\t\t<\/div>\n\t\t\t\t<\/div>\n\t\t\t\t<div class=\"elementor-element elementor-element-67c4223 elementor-widget elementor-widget-wd_list\" data-id=\"67c4223\" data-element_type=\"widget\" data-e-type=\"widget\" data-widget_type=\"wd_list.default\">\n\t\t\t\t<div class=\"elementor-widget-container\">\n\t\t\t\t\t\t\t<ul class=\"wd-list color-scheme-custom wd-fontsize-xs wd-type-unordered wd-style-rounded text-left wd-shape-icon\">\n\t\t\t\t\t\t\t\t\t\t\t<li class=\"elementor-repeater-item-19b5939\">\n\t\t\t\t\t\t\t\t\t\t\t<span class=\"wd-icon\"><\/span>\t\t\t\t\t\n\t\t\t\t\t<span class=\"wd-list-content list-content\">\n\t\t\t\t\t\t\t\t\t\t\t\t\tBoletines y certificados el\u00e9ctricos\t\t\t\t\t\t\t\t\t\t\t<\/span>\n\t\t\t\t<\/li>\n\t\t\t\t\t\t\t\t\t\t\t<li class=\"elementor-repeater-item-33d6576\">\n\t\t\t\t\t\t\t\t\t\t\t<span class=\"wd-icon\"><\/span>\t\t\t\t\t\n\t\t\t\t\t<span class=\"wd-list-content list-content\">\n\t\t\t\t\t\t\t\t\t\t\t\t\tProyectos el\u00e9ctricos\t\t\t\t\t\t\t\t\t\t\t<\/span>\n\t\t\t\t<\/li>\n\t\t\t\t\t\t\t\t\t\t\t<li class=\"elementor-repeater-item-7e5c6ca\">\n\t\t\t\t\t\t\t\t\t\t\t<span class=\"wd-icon\"><\/span>\t\t\t\t\t\n\t\t\t\t\t<span class=\"wd-list-content list-content\">\n\t\t\t\t\t\t\t\t\t\t\t\t\tCentralizaciones\t\t\t\t\t\t\t\t\t\t\t<\/span>\n\t\t\t\t<\/li>\n\t\t\t\t\t\t\t\t\t\t\t<li class=\"elementor-repeater-item-5a34a3d\">\n\t\t\t\t\t\t\t\t\t\t\t<span class=\"wd-icon\"><\/span>\t\t\t\t\t\n\t\t\t\t\t<span class=\"wd-list-content list-content\">\n\t\t\t\t\t\t\t\t\t\t\t\t\tLegalizaciones de obras\t\t\t\t\t\t\t\t\t\t\t<\/span>\n\t\t\t\t<\/li>\n\t\t\t\t\t\t\t\t\t\t\t<li class=\"elementor-repeater-item-076d863\">\n\t\t\t\t\t\t\t\t\t\t\t<span class=\"wd-icon\"><\/span>\t\t\t\t\t\n\t\t\t\t\t<span class=\"wd-list-content list-content\">\n\t\t\t\t\t\t\t\t\t\t\t\t\tLicencias de apertura\t\t\t\t\t\t\t\t\t\t\t<\/span>\n\t\t\t\t<\/li>\n\t\t\t\t\t\t\t\t\t\t\t<li class=\"elementor-repeater-item-db35b7e\">\n\t\t\t\t\t\t\t\t\t\t\t<span class=\"wd-icon\"><\/span>\t\t\t\t\t\n\t\t\t\t\t<span class=\"wd-list-content list-content\">\n\t\t\t\t\t\t\t\t\t\t\t\t\tTramites en Industria\t\t\t\t\t\t\t\t\t\t\t<\/span>\n\t\t\t\t<\/li>\n\t\t\t\t\t<\/ul>\n\n\t\t\t\t\t\t<\/div>\n\t\t\t\t<\/div>\n\t\t\t\t\t<\/div>\n\t\t\t\t<\/div>\n\t\t\t\t<\/div>","protected":false},"excerpt":{"rendered":"<p>Eficiencia energ\u00e9tica Es la reducci\u00f3n del consumo de energ\u00eda manteniendo los mismos servicios energ\u00e9ticos, sin disminuir nuestro confort y calidad<\/p>","protected":false},"author":1,"featured_media":0,"parent":280,"menu_order":3,"comment_status":"closed","ping_status":"closed","template":"","meta":{"footnotes":""},"imc_layers":[],"imc_icons":[],"class_list":["post-360","page","type-page","status-publish","hentry"],"imc_loc":"","imc_img_tag":null,"yoast_head":"<!-- This site is optimized with the Yoast SEO plugin v26.8 - https:\/\/yoast.com\/product\/yoast-seo-wordpress\/ -->\n<title>Asesoramiento energ\u00e9tico en Los Alc\u00e1zares - PUNTOTEC<\/title>\n<meta name=\"description\" content=\"Asesoramiento energ\u00e9tico en Los Alc\u00e1zares para mejorar eficiencia, reducir consumo y optimizar instalaciones.\" \/>\n<meta name=\"robots\" content=\"index, follow, max-snippet:-1, max-image-preview:large, max-video-preview:-1\" \/>\n<link rel=\"canonical\" href=\"https:\/\/www.puntotecservices.com\/en\/servicios\/asesoramiento\/\" \/>\n<meta property=\"og:locale\" content=\"en_GB\" \/>\n<meta property=\"og:type\" content=\"article\" \/>\n<meta property=\"og:title\" content=\"Asesoramiento energ\u00e9tico en Los Alc\u00e1zares - PUNTOTEC\" \/>\n<meta property=\"og:description\" content=\"Asesoramiento energ\u00e9tico en Los Alc\u00e1zares para mejorar eficiencia, reducir consumo y optimizar instalaciones.\" \/>\n<meta property=\"og:url\" content=\"https:\/\/www.puntotecservices.com\/en\/servicios\/asesoramiento\/\" \/>\n<meta property=\"og:site_name\" content=\"PUNTOTEC\" \/>\n<meta property=\"article:modified_time\" content=\"2026-02-02T16:22:34+00:00\" \/>\n<meta name=\"twitter:card\" content=\"summary_large_image\" \/>\n<meta name=\"twitter:label1\" content=\"Estimated reading time\" \/>\n\t<meta name=\"twitter:data1\" content=\"2 minutes\" \/>\n<script type=\"application\/ld+json\" class=\"yoast-schema-graph\">{\"@context\":\"https:\/\/schema.org\",\"@graph\":[{\"@type\":\"WebPage\",\"@id\":\"https:\/\/www.puntotecservices.com\/servicios\/asesoramiento\/\",\"url\":\"https:\/\/www.puntotecservices.com\/servicios\/asesoramiento\/\",\"name\":\"Asesoramiento energ\u00e9tico en Los Alc\u00e1zares - PUNTOTEC\",\"isPartOf\":{\"@id\":\"https:\/\/www.puntotecservices.com\/#website\"},\"datePublished\":\"2026-01-26T11:35:56+00:00\",\"dateModified\":\"2026-02-02T16:22:34+00:00\",\"description\":\"Asesoramiento energ\u00e9tico en Los Alc\u00e1zares para mejorar eficiencia, reducir consumo y optimizar instalaciones.\",\"breadcrumb\":{\"@id\":\"https:\/\/www.puntotecservices.com\/servicios\/asesoramiento\/#breadcrumb\"},\"inLanguage\":\"en-GB\",\"potentialAction\":[{\"@type\":\"ReadAction\",\"target\":[\"https:\/\/www.puntotecservices.com\/servicios\/asesoramiento\/\"]}]},{\"@type\":\"BreadcrumbList\",\"@id\":\"https:\/\/www.puntotecservices.com\/servicios\/asesoramiento\/#breadcrumb\",\"itemListElement\":[{\"@type\":\"ListItem\",\"position\":1,\"name\":\"Portada\",\"item\":\"https:\/\/www.puntotecservices.com\/\"},{\"@type\":\"ListItem\",\"position\":2,\"name\":\"Servicios\",\"item\":\"https:\/\/www.puntotecservices.com\/servicios\/\"},{\"@type\":\"ListItem\",\"position\":3,\"name\":\"Asesoramiento\"}]},{\"@type\":\"WebSite\",\"@id\":\"https:\/\/www.puntotecservices.com\/#website\",\"url\":\"https:\/\/www.puntotecservices.com\/\",\"name\":\"PUNTOTEC\",\"description\":\"Ingenier\u00eda y Servicios\",\"potentialAction\":[{\"@type\":\"SearchAction\",\"target\":{\"@type\":\"EntryPoint\",\"urlTemplate\":\"https:\/\/www.puntotecservices.com\/?s={search_term_string}\"},\"query-input\":{\"@type\":\"PropertyValueSpecification\",\"valueRequired\":true,\"valueName\":\"search_term_string\"}}],\"inLanguage\":\"en-GB\"}]}<\/script>\n<!-- \/ Yoast SEO plugin. -->","yoast_head_json":{"title":"Asesoramiento energ\u00e9tico en Los Alc\u00e1zares - PUNTOTEC","description":"Asesoramiento energ\u00e9tico en Los Alc\u00e1zares para mejorar eficiencia, reducir consumo y optimizar instalaciones.","robots":{"index":"index","follow":"follow","max-snippet":"max-snippet:-1","max-image-preview":"max-image-preview:large","max-video-preview":"max-video-preview:-1"},"canonical":"https:\/\/www.puntotecservices.com\/en\/servicios\/asesoramiento\/","og_locale":"en_GB","og_type":"article","og_title":"Asesoramiento energ\u00e9tico en Los Alc\u00e1zares - PUNTOTEC","og_description":"Asesoramiento energ\u00e9tico en Los Alc\u00e1zares para mejorar eficiencia, reducir consumo y optimizar instalaciones.","og_url":"https:\/\/www.puntotecservices.com\/en\/servicios\/asesoramiento\/","og_site_name":"PUNTOTEC","article_modified_time":"2026-02-02T16:22:34+00:00","twitter_card":"summary_large_image","twitter_misc":{"Estimated reading time":"2 minutes"},"schema":{"@context":"https:\/\/schema.org","@graph":[{"@type":"WebPage","@id":"https:\/\/www.puntotecservices.com\/servicios\/asesoramiento\/","url":"https:\/\/www.puntotecservices.com\/servicios\/asesoramiento\/","name":"Asesoramiento energ\u00e9tico en Los Alc\u00e1zares - PUNTOTEC","isPartOf":{"@id":"https:\/\/www.puntotecservices.com\/#website"},"datePublished":"2026-01-26T11:35:56+00:00","dateModified":"2026-02-02T16:22:34+00:00","description":"Asesoramiento energ\u00e9tico en Los Alc\u00e1zares para mejorar eficiencia, reducir consumo y optimizar instalaciones.","breadcrumb":{"@id":"https:\/\/www.puntotecservices.com\/servicios\/asesoramiento\/#breadcrumb"},"inLanguage":"en-GB","potentialAction":[{"@type":"ReadAction","target":["https:\/\/www.puntotecservices.com\/servicios\/asesoramiento\/"]}]},{"@type":"BreadcrumbList","@id":"https:\/\/www.puntotecservices.com\/servicios\/asesoramiento\/#breadcrumb","itemListElement":[{"@type":"ListItem","position":1,"name":"Portada","item":"https:\/\/www.puntotecservices.com\/"},{"@type":"ListItem","position":2,"name":"Servicios","item":"https:\/\/www.puntotecservices.com\/servicios\/"},{"@type":"ListItem","position":3,"name":"Asesoramiento"}]},{"@type":"WebSite","@id":"https:\/\/www.puntotecservices.com\/#website","url":"https:\/\/www.puntotecservices.com\/","name":"PUNTOTEC","description":"Ingenier\u00eda y Servicios","potentialAction":[{"@type":"SearchAction","target":{"@type":"EntryPoint","urlTemplate":"https:\/\/www.puntotecservices.com\/?s={search_term_string}"},"query-input":{"@type":"PropertyValueSpecification","valueRequired":true,"valueName":"search_term_string"}}],"inLanguage":"en-GB"}]}},"_links":{"self":[{"href":"https:\/\/www.puntotecservices.com\/en\/wp-json\/wp\/v2\/pages\/360","targetHints":{"allow":["GET"]}}],"collection":[{"href":"https:\/\/www.puntotecservices.com\/en\/wp-json\/wp\/v2\/pages"}],"about":[{"href":"https:\/\/www.puntotecservices.com\/en\/wp-json\/wp\/v2\/types\/page"}],"author":[{"embeddable":true,"href":"https:\/\/www.puntotecservices.com\/en\/wp-json\/wp\/v2\/users\/1"}],"replies":[{"embeddable":true,"href":"https:\/\/www.puntotecservices.com\/en\/wp-json\/wp\/v2\/comments?post=360"}],"version-history":[{"count":4,"href":"https:\/\/www.puntotecservices.com\/en\/wp-json\/wp\/v2\/pages\/360\/revisions"}],"predecessor-version":[{"id":371,"href":"https:\/\/www.puntotecservices.com\/en\/wp-json\/wp\/v2\/pages\/360\/revisions\/371"}],"up":[{"embeddable":true,"href":"https:\/\/www.puntotecservices.com\/en\/wp-json\/wp\/v2\/pages\/280"}],"wp:attachment":[{"href":"https:\/\/www.puntotecservices.com\/en\/wp-json\/wp\/v2\/media?parent=360"}],"wp:term":[{"taxonomy":"imc-layer","embeddable":true,"href":"https:\/\/www.puntotecservices.com\/en\/wp-json\/wp\/v2\/imc_layers?post=360"},{"taxonomy":"imc-icon","embeddable":true,"href":"https:\/\/www.puntotecservices.com\/en\/wp-json\/wp\/v2\/imc_icons?post=360"}],"curies":[{"name":"wp","href":"https:\/\/api.w.org\/{rel}","templated":true}]}}