{"id":358,"date":"2026-01-26T11:35:08","date_gmt":"2026-01-26T11:35:08","guid":{"rendered":"https:\/\/www.puntotecservices.com\/contrataciones\/"},"modified":"2026-02-02T16:22:05","modified_gmt":"2026-02-02T16:22:05","slug":"contrataciones","status":"publish","type":"page","link":"https:\/\/www.puntotecservices.com\/en\/servicios\/contrataciones\/","title":{"rendered":"Hires"},"content":{"rendered":"<div data-elementor-type=\"wp-page\" data-elementor-id=\"358\" class=\"elementor elementor-358\" data-elementor-post-type=\"page\">\n\t\t\t\t<div class=\"wd-negative-gap elementor-element elementor-element-4231e4e0 wd-section-stretch e-flex e-con-boxed e-con e-parent\" data-id=\"4231e4e0\" data-element_type=\"container\" data-e-type=\"container\" data-settings=\"{&quot;background_background&quot;:&quot;classic&quot;}\">\n\t\t\t\t\t<div class=\"e-con-inner\">\n\t\t\t\t<div class=\"elementor-element elementor-element-3cc1d9b elementor-widget elementor-widget-menu-anchor\" data-id=\"3cc1d9b\" data-element_type=\"widget\" data-e-type=\"widget\" data-widget_type=\"menu-anchor.default\">\n\t\t\t\t<div class=\"elementor-widget-container\">\n\t\t\t\t\t\t\t<div class=\"elementor-menu-anchor\" id=\"luz\"><\/div>\n\t\t\t\t\t\t<\/div>\n\t\t\t\t<\/div>\n\t\t\t\t<div class=\"elementor-element elementor-element-20053173 wd-animation-slide-short-from-left wd-width-100 wd-animation-normal wd_delay_100 wd-animation wd-transform elementor-widget elementor-widget-wd_title\" data-id=\"20053173\" data-element_type=\"widget\" data-e-type=\"widget\" data-widget_type=\"wd_title.default\">\n\t\t\t\t<div class=\"elementor-widget-container\">\n\t\t\t\t\t\t\t<div class=\"title-wrapper wd-set-mb reset-last-child wd-title-color-default wd-title-style-default wd-title-size-default text-left\">\n\n\t\t\t\n\t\t\t<div class=\"liner-continer\">\n\t\t\t\t<h2 class=\"woodmart-title-container title wd-fontsize-l\">Contrataciones de Luz<\/h2> \n\t\t\t\t\t\t\t<\/div>\n\n\t\t\t\t\t\t\t<div class=\"title-after_title reset-last-child wd-fontsize-xs\">\n\t\t\t\t\t<p>En<strong>\u00a0<\/strong><strong>PUNTOTEC<\/strong>\u00a0<strong>SERVICIOS<\/strong>\u00a0nos encargamos de la tramitaci\u00f3n y gesti\u00f3n integral de todo tipo de contratos y documentos administrativos relacionados con los servicios b\u00e1sicos de una vivienda, agua,\u00a0<strong>LUZ<\/strong>, gas natural, licencias de 1\u00aa ocupaci\u00f3n, altas en catastro, calefacci\u00f3n Rointe\u2026<\/p>\t\t\t\t<\/div>\n\t\t\t\t\t<\/div>\n\t\t\t\t\t\t<\/div>\n\t\t\t\t<\/div>\n\t\t\t\t\t<\/div>\n\t\t\t\t<\/div>\n\t\t<div class=\"wd-negative-gap elementor-element elementor-element-4ced283 wd-section-stretch e-flex e-con-boxed e-con e-parent\" data-id=\"4ced283\" data-element_type=\"container\" data-e-type=\"container\" data-settings=\"{&quot;background_background&quot;:&quot;classic&quot;,&quot;shape_divider_top&quot;:&quot;tilt&quot;}\">\n\t\t\t\t\t<div class=\"e-con-inner\">\n\t\t\t\t<div class=\"elementor-shape elementor-shape-top\" aria-hidden=\"true\" data-negative=\"false\">\n\t\t\t<svg xmlns=\"http:\/\/www.w3.org\/2000\/svg\" viewbox=\"0 0 1000 100\" preserveaspectratio=\"none\">\n\t<path class=\"elementor-shape-fill\" d=\"M0,6V0h1000v100L0,6z\"\/>\n<\/svg>\t\t<\/div>\n\t\t\t\t<div class=\"elementor-element elementor-element-ac00f6d elementor-widget elementor-widget-menu-anchor\" data-id=\"ac00f6d\" data-element_type=\"widget\" data-e-type=\"widget\" data-widget_type=\"menu-anchor.default\">\n\t\t\t\t<div class=\"elementor-widget-container\">\n\t\t\t\t\t\t\t<div class=\"elementor-menu-anchor\" id=\"gas-natural\"><\/div>\n\t\t\t\t\t\t<\/div>\n\t\t\t\t<\/div>\n\t\t\t\t<div class=\"elementor-element elementor-element-bc10926 wd-animation-slide-short-from-left wd-width-100 wd-animation-normal wd_delay_100 wd-animation wd-transform elementor-widget elementor-widget-wd_title\" data-id=\"bc10926\" data-element_type=\"widget\" data-e-type=\"widget\" data-widget_type=\"wd_title.default\">\n\t\t\t\t<div class=\"elementor-widget-container\">\n\t\t\t\t\t\t\t<div class=\"title-wrapper wd-set-mb reset-last-child wd-title-color-default wd-title-style-default wd-title-size-default text-left\">\n\n\t\t\t\n\t\t\t<div class=\"liner-continer\">\n\t\t\t\t<h2 class=\"woodmart-title-container title wd-fontsize-l\">Contrataciones Gas Natural<\/h2> \n\t\t\t\t\t\t\t<\/div>\n\n\t\t\t\t\t\t\t<div class=\"title-after_title reset-last-child wd-fontsize-xs\">\n\t\t\t\t\t<p>En<strong>\u00a0<\/strong><strong>PUNTOTEC<\/strong>\u00a0<strong>SERVICIOS<\/strong>\u00a0nos encargamos de la tramitaci\u00f3n y gesti\u00f3n integral de todo tipo de contratos y documentos administrativos relacionados con los servicios b\u00e1sicos de una vivienda, agua, luz,\u00a0<strong>GAS NATURAL<\/strong>, licencias de 1\u00aa ocupaci\u00f3n, altas en catastro, calefacci\u00f3n Rointe\u2026<\/p>\t\t\t\t<\/div>\n\t\t\t\t\t<\/div>\n\t\t\t\t\t\t<\/div>\n\t\t\t\t<\/div>\n\t\t\t\t\t<\/div>\n\t\t\t\t<\/div>\n\t\t<div class=\"wd-negative-gap elementor-element elementor-element-2053b0d wd-section-stretch e-flex e-con-boxed e-con e-parent\" data-id=\"2053b0d\" data-element_type=\"container\" data-e-type=\"container\" data-settings=\"{&quot;background_background&quot;:&quot;classic&quot;,&quot;shape_divider_top&quot;:&quot;tilt&quot;}\">\n\t\t\t\t\t<div class=\"e-con-inner\">\n\t\t\t\t<div class=\"elementor-shape elementor-shape-top\" aria-hidden=\"true\" data-negative=\"false\">\n\t\t\t<svg xmlns=\"http:\/\/www.w3.org\/2000\/svg\" viewbox=\"0 0 1000 100\" preserveaspectratio=\"none\">\n\t<path class=\"elementor-shape-fill\" d=\"M0,6V0h1000v100L0,6z\"\/>\n<\/svg>\t\t<\/div>\n\t\t\t\t<div class=\"elementor-element elementor-element-592aae7 elementor-widget elementor-widget-menu-anchor\" data-id=\"592aae7\" data-element_type=\"widget\" data-e-type=\"widget\" data-widget_type=\"menu-anchor.default\">\n\t\t\t\t<div class=\"elementor-widget-container\">\n\t\t\t\t\t\t\t<div class=\"elementor-menu-anchor\" id=\"agua\"><\/div>\n\t\t\t\t\t\t<\/div>\n\t\t\t\t<\/div>\n\t\t\t\t<div class=\"elementor-element elementor-element-78b895f wd-animation-slide-short-from-left wd-width-100 wd-animation-normal wd_delay_100 wd-animation wd-transform elementor-widget elementor-widget-wd_title\" data-id=\"78b895f\" data-element_type=\"widget\" data-e-type=\"widget\" data-widget_type=\"wd_title.default\">\n\t\t\t\t<div class=\"elementor-widget-container\">\n\t\t\t\t\t\t\t<div class=\"title-wrapper wd-set-mb reset-last-child wd-title-color-default wd-title-style-default wd-title-size-default text-left\">\n\n\t\t\t\n\t\t\t<div class=\"liner-continer\">\n\t\t\t\t<h2 class=\"woodmart-title-container title wd-fontsize-l\">Contrataciones de Agua<\/h2> \n\t\t\t\t\t\t\t<\/div>\n\n\t\t\t\t\t\t\t<div class=\"title-after_title reset-last-child wd-fontsize-xs\">\n\t\t\t\t\t<p>En<strong>\u00a0<\/strong><strong>PUNTOTEC<\/strong>\u00a0<strong>SERVICIOS<\/strong>\u00a0nos encargamos de la tramitaci\u00f3n y gesti\u00f3n integral de todo tipo de contratos y documentos administrativos relacionados con los servicios b\u00e1sicos de una vivienda,\u00a0<strong>AGUA<\/strong>, luz, gas natural, licencias de 1\u00aa ocupaci\u00f3n, altas en catastro, calefacci\u00f3n Rointe\u2026<\/p>\t\t\t\t<\/div>\n\t\t\t\t\t<\/div>\n\t\t\t\t\t\t<\/div>\n\t\t\t\t<\/div>\n\t\t\t\t\t<\/div>\n\t\t\t\t<\/div>\n\t\t<div class=\"wd-negative-gap elementor-element elementor-element-d1113ad wd-section-stretch e-flex e-con-boxed e-con e-parent\" data-id=\"d1113ad\" data-element_type=\"container\" data-e-type=\"container\" data-settings=\"{&quot;background_background&quot;:&quot;classic&quot;,&quot;shape_divider_top&quot;:&quot;tilt&quot;}\">\n\t\t\t\t\t<div class=\"e-con-inner\">\n\t\t\t\t<div class=\"elementor-shape elementor-shape-top\" aria-hidden=\"true\" data-negative=\"false\">\n\t\t\t<svg xmlns=\"http:\/\/www.w3.org\/2000\/svg\" viewbox=\"0 0 1000 100\" preserveaspectratio=\"none\">\n\t<path class=\"elementor-shape-fill\" d=\"M0,6V0h1000v100L0,6z\"\/>\n<\/svg>\t\t<\/div>\n\t\t\t\t<div class=\"elementor-element elementor-element-26e28d4 elementor-widget elementor-widget-menu-anchor\" data-id=\"26e28d4\" data-element_type=\"widget\" data-e-type=\"widget\" data-widget_type=\"menu-anchor.default\">\n\t\t\t\t<div class=\"elementor-widget-container\">\n\t\t\t\t\t\t\t<div class=\"elementor-menu-anchor\" id=\"rointe\"><\/div>\n\t\t\t\t\t\t<\/div>\n\t\t\t\t<\/div>\n\t\t\t\t<div class=\"elementor-element elementor-element-659dc35 wd-animation-slide-short-from-left wd-width-100 wd-animation-normal wd_delay_100 wd-animation wd-transform elementor-widget elementor-widget-wd_title\" data-id=\"659dc35\" data-element_type=\"widget\" data-e-type=\"widget\" data-widget_type=\"wd_title.default\">\n\t\t\t\t<div class=\"elementor-widget-container\">\n\t\t\t\t\t\t\t<div class=\"title-wrapper wd-set-mb reset-last-child wd-title-color-default wd-title-style-default wd-title-size-default text-left\">\n\n\t\t\t\n\t\t\t<div class=\"liner-continer\">\n\t\t\t\t<h2 class=\"woodmart-title-container title wd-fontsize-l\">Contrataciones Rointe<\/h2> \n\t\t\t\t\t\t\t<\/div>\n\n\t\t\t\t\t\t\t<div class=\"title-after_title reset-last-child wd-fontsize-xs\">\n\t\t\t\t\t<p>En<strong>\u00a0<\/strong><strong>PUNTOTEC<\/strong>\u00a0<strong>SERVICIOS<\/strong>\u00a0nos encargamos de la tramitaci\u00f3n y gesti\u00f3n integral de todo tipo de contratos y documentos administrativos relacionados con los servicios b\u00e1sicos de una vivienda, agua, luz, gas, licencias de 1\u00aa ocupaci\u00f3n, altas en catastro,\u00a0<strong>CALEFACCION ROINTE<\/strong>\u2026<\/p>\t\t\t\t<\/div>\n\t\t\t\t\t<\/div>\n\t\t\t\t\t\t<\/div>\n\t\t\t\t<\/div>\n\t\t\t\t\t<\/div>\n\t\t\t\t<\/div>\n\t\t\t\t<\/div>","protected":false},"excerpt":{"rendered":"<p>Contrataciones de Luz En\u00a0PUNTOTEC\u00a0SERVICIOS\u00a0nos encargamos de la tramitaci\u00f3n y gesti\u00f3n integral de todo tipo de contratos y documentos administrativos relacionados<\/p>","protected":false},"author":1,"featured_media":0,"parent":280,"menu_order":2,"comment_status":"closed","ping_status":"closed","template":"","meta":{"footnotes":""},"imc_layers":[],"imc_icons":[],"class_list":["post-358","page","type-page","status-publish","hentry"],"imc_loc":"","imc_img_tag":null,"yoast_head":"<!-- This site is optimized with the Yoast SEO plugin v26.8 - https:\/\/yoast.com\/product\/yoast-seo-wordpress\/ -->\n<title>Contrataciones de suministros en Los Alc\u00e1zares - PUNTOTEC<\/title>\n<meta name=\"description\" content=\"Contrataciones de luz, agua, gas y calefacci\u00f3n en Los Alc\u00e1zares con gesti\u00f3n integral de tr\u00e1mites.\" \/>\n<meta name=\"robots\" content=\"index, follow, max-snippet:-1, max-image-preview:large, max-video-preview:-1\" \/>\n<link rel=\"canonical\" href=\"https:\/\/www.puntotecservices.com\/en\/servicios\/contrataciones\/\" \/>\n<meta property=\"og:locale\" content=\"en_GB\" \/>\n<meta property=\"og:type\" content=\"article\" \/>\n<meta property=\"og:title\" content=\"Contrataciones de suministros en Los Alc\u00e1zares - PUNTOTEC\" \/>\n<meta property=\"og:description\" content=\"Contrataciones de luz, agua, gas y calefacci\u00f3n en Los Alc\u00e1zares con gesti\u00f3n integral de tr\u00e1mites.\" \/>\n<meta property=\"og:url\" content=\"https:\/\/www.puntotecservices.com\/en\/servicios\/contrataciones\/\" \/>\n<meta property=\"og:site_name\" content=\"PUNTOTEC\" \/>\n<meta property=\"article:modified_time\" content=\"2026-02-02T16:22:05+00:00\" \/>\n<meta name=\"twitter:card\" content=\"summary_large_image\" \/>\n<meta name=\"twitter:label1\" content=\"Estimated reading time\" \/>\n\t<meta name=\"twitter:data1\" content=\"1 minute\" \/>\n<script type=\"application\/ld+json\" class=\"yoast-schema-graph\">{\"@context\":\"https:\/\/schema.org\",\"@graph\":[{\"@type\":\"WebPage\",\"@id\":\"https:\/\/www.puntotecservices.com\/servicios\/contrataciones\/\",\"url\":\"https:\/\/www.puntotecservices.com\/servicios\/contrataciones\/\",\"name\":\"Contrataciones de suministros en Los Alc\u00e1zares - PUNTOTEC\",\"isPartOf\":{\"@id\":\"https:\/\/www.puntotecservices.com\/#website\"},\"datePublished\":\"2026-01-26T11:35:08+00:00\",\"dateModified\":\"2026-02-02T16:22:05+00:00\",\"description\":\"Contrataciones de luz, agua, gas y calefacci\u00f3n en Los Alc\u00e1zares con gesti\u00f3n integral de tr\u00e1mites.\",\"breadcrumb\":{\"@id\":\"https:\/\/www.puntotecservices.com\/servicios\/contrataciones\/#breadcrumb\"},\"inLanguage\":\"en-GB\",\"potentialAction\":[{\"@type\":\"ReadAction\",\"target\":[\"https:\/\/www.puntotecservices.com\/servicios\/contrataciones\/\"]}]},{\"@type\":\"BreadcrumbList\",\"@id\":\"https:\/\/www.puntotecservices.com\/servicios\/contrataciones\/#breadcrumb\",\"itemListElement\":[{\"@type\":\"ListItem\",\"position\":1,\"name\":\"Portada\",\"item\":\"https:\/\/www.puntotecservices.com\/\"},{\"@type\":\"ListItem\",\"position\":2,\"name\":\"Servicios\",\"item\":\"https:\/\/www.puntotecservices.com\/servicios\/\"},{\"@type\":\"ListItem\",\"position\":3,\"name\":\"Contrataciones\"}]},{\"@type\":\"WebSite\",\"@id\":\"https:\/\/www.puntotecservices.com\/#website\",\"url\":\"https:\/\/www.puntotecservices.com\/\",\"name\":\"PUNTOTEC\",\"description\":\"Ingenier\u00eda y Servicios\",\"potentialAction\":[{\"@type\":\"SearchAction\",\"target\":{\"@type\":\"EntryPoint\",\"urlTemplate\":\"https:\/\/www.puntotecservices.com\/?s={search_term_string}\"},\"query-input\":{\"@type\":\"PropertyValueSpecification\",\"valueRequired\":true,\"valueName\":\"search_term_string\"}}],\"inLanguage\":\"en-GB\"}]}<\/script>\n<!-- \/ Yoast SEO plugin. -->","yoast_head_json":{"title":"Contrataciones de suministros en Los Alc\u00e1zares - PUNTOTEC","description":"Contrataciones de luz, agua, gas y calefacci\u00f3n en Los Alc\u00e1zares con gesti\u00f3n integral de tr\u00e1mites.","robots":{"index":"index","follow":"follow","max-snippet":"max-snippet:-1","max-image-preview":"max-image-preview:large","max-video-preview":"max-video-preview:-1"},"canonical":"https:\/\/www.puntotecservices.com\/en\/servicios\/contrataciones\/","og_locale":"en_GB","og_type":"article","og_title":"Contrataciones de suministros en Los Alc\u00e1zares - PUNTOTEC","og_description":"Contrataciones de luz, agua, gas y calefacci\u00f3n en Los Alc\u00e1zares con gesti\u00f3n integral de tr\u00e1mites.","og_url":"https:\/\/www.puntotecservices.com\/en\/servicios\/contrataciones\/","og_site_name":"PUNTOTEC","article_modified_time":"2026-02-02T16:22:05+00:00","twitter_card":"summary_large_image","twitter_misc":{"Estimated reading time":"1 minute"},"schema":{"@context":"https:\/\/schema.org","@graph":[{"@type":"WebPage","@id":"https:\/\/www.puntotecservices.com\/servicios\/contrataciones\/","url":"https:\/\/www.puntotecservices.com\/servicios\/contrataciones\/","name":"Contrataciones de suministros en Los Alc\u00e1zares - PUNTOTEC","isPartOf":{"@id":"https:\/\/www.puntotecservices.com\/#website"},"datePublished":"2026-01-26T11:35:08+00:00","dateModified":"2026-02-02T16:22:05+00:00","description":"Contrataciones de luz, agua, gas y calefacci\u00f3n en Los Alc\u00e1zares con gesti\u00f3n integral de tr\u00e1mites.","breadcrumb":{"@id":"https:\/\/www.puntotecservices.com\/servicios\/contrataciones\/#breadcrumb"},"inLanguage":"en-GB","potentialAction":[{"@type":"ReadAction","target":["https:\/\/www.puntotecservices.com\/servicios\/contrataciones\/"]}]},{"@type":"BreadcrumbList","@id":"https:\/\/www.puntotecservices.com\/servicios\/contrataciones\/#breadcrumb","itemListElement":[{"@type":"ListItem","position":1,"name":"Portada","item":"https:\/\/www.puntotecservices.com\/"},{"@type":"ListItem","position":2,"name":"Servicios","item":"https:\/\/www.puntotecservices.com\/servicios\/"},{"@type":"ListItem","position":3,"name":"Contrataciones"}]},{"@type":"WebSite","@id":"https:\/\/www.puntotecservices.com\/#website","url":"https:\/\/www.puntotecservices.com\/","name":"PUNTOTEC","description":"Ingenier\u00eda y Servicios","potentialAction":[{"@type":"SearchAction","target":{"@type":"EntryPoint","urlTemplate":"https:\/\/www.puntotecservices.com\/?s={search_term_string}"},"query-input":{"@type":"PropertyValueSpecification","valueRequired":true,"valueName":"search_term_string"}}],"inLanguage":"en-GB"}]}},"_links":{"self":[{"href":"https:\/\/www.puntotecservices.com\/en\/wp-json\/wp\/v2\/pages\/358","targetHints":{"allow":["GET"]}}],"collection":[{"href":"https:\/\/www.puntotecservices.com\/en\/wp-json\/wp\/v2\/pages"}],"about":[{"href":"https:\/\/www.puntotecservices.com\/en\/wp-json\/wp\/v2\/types\/page"}],"author":[{"embeddable":true,"href":"https:\/\/www.puntotecservices.com\/en\/wp-json\/wp\/v2\/users\/1"}],"replies":[{"embeddable":true,"href":"https:\/\/www.puntotecservices.com\/en\/wp-json\/wp\/v2\/comments?post=358"}],"version-history":[{"count":7,"href":"https:\/\/www.puntotecservices.com\/en\/wp-json\/wp\/v2\/pages\/358\/revisions"}],"predecessor-version":[{"id":367,"href":"https:\/\/www.puntotecservices.com\/en\/wp-json\/wp\/v2\/pages\/358\/revisions\/367"}],"up":[{"embeddable":true,"href":"https:\/\/www.puntotecservices.com\/en\/wp-json\/wp\/v2\/pages\/280"}],"wp:attachment":[{"href":"https:\/\/www.puntotecservices.com\/en\/wp-json\/wp\/v2\/media?parent=358"}],"wp:term":[{"taxonomy":"imc-layer","embeddable":true,"href":"https:\/\/www.puntotecservices.com\/en\/wp-json\/wp\/v2\/imc_layers?post=358"},{"taxonomy":"imc-icon","embeddable":true,"href":"https:\/\/www.puntotecservices.com\/en\/wp-json\/wp\/v2\/imc_icons?post=358"}],"curies":[{"name":"wp","href":"https:\/\/api.w.org\/{rel}","templated":true}]}}