{"id":352,"date":"2026-01-26T11:12:57","date_gmt":"2026-01-26T11:12:57","guid":{"rendered":"https:\/\/www.puntotecservices.com\/proyectos\/"},"modified":"2026-02-02T16:21:20","modified_gmt":"2026-02-02T16:21:20","slug":"proyectos","status":"publish","type":"page","link":"https:\/\/www.puntotecservices.com\/en\/servicios\/proyectos\/","title":{"rendered":"Projects"},"content":{"rendered":"<div data-elementor-type=\"wp-page\" data-elementor-id=\"352\" class=\"elementor elementor-352\" data-elementor-post-type=\"page\">\n\t\t\t\t<div class=\"wd-negative-gap elementor-element elementor-element-4231e4e0 wd-section-stretch e-flex e-con-boxed e-con e-parent\" data-id=\"4231e4e0\" data-element_type=\"container\" data-e-type=\"container\" data-settings=\"{&quot;background_background&quot;:&quot;classic&quot;}\">\n\t\t\t\t\t<div class=\"e-con-inner\">\n\t\t\t\t<div class=\"elementor-element elementor-element-3cc1d9b elementor-widget elementor-widget-menu-anchor\" data-id=\"3cc1d9b\" data-element_type=\"widget\" data-e-type=\"widget\" data-widget_type=\"menu-anchor.default\">\n\t\t\t\t<div class=\"elementor-widget-container\">\n\t\t\t\t\t\t\t<div class=\"elementor-menu-anchor\" id=\"proyectos-ingenieria\"><\/div>\n\t\t\t\t\t\t<\/div>\n\t\t\t\t<\/div>\n\t\t\t\t<div class=\"elementor-element elementor-element-20053173 wd-animation-slide-short-from-left wd-width-100 wd-animation-normal wd_delay_100 wd-animation wd-transform elementor-widget elementor-widget-wd_title\" data-id=\"20053173\" data-element_type=\"widget\" data-e-type=\"widget\" data-widget_type=\"wd_title.default\">\n\t\t\t\t<div class=\"elementor-widget-container\">\n\t\t\t\t\t\t\t<div class=\"title-wrapper wd-set-mb reset-last-child wd-title-color-default wd-title-style-default wd-title-size-default text-left\">\n\n\t\t\t\n\t\t\t<div class=\"liner-continer\">\n\t\t\t\t<h2 class=\"woodmart-title-container title wd-fontsize-l\">Proyectos de ingenier\u00eda<\/h2> \n\t\t\t\t\t\t\t<\/div>\n\n\t\t\t\t\t\t\t<div class=\"title-after_title reset-last-child wd-fontsize-xs\">\n\t\t\t\t\t<p>En PUNTOTEC INGENIERIA &amp; SERVICIOS nos encargamos de la tramitaci\u00f3n y gesti\u00f3n integral de cualquier tipo de proyecto, adapt\u00e1ndonos a sus necesidades.<\/p><p>Contamos con un gran equipo de Ingenieros y T\u00e9cnicos cualificados, para cada tipo de proyecto, realizando todos los tr\u00e1mites necesarios en Industria y con las diferentes O.C.A.<\/p><h3><strong>Especialistas en:<\/strong><\/h3>\t\t\t\t<\/div>\n\t\t\t\t\t<\/div>\n\t\t\t\t\t\t<\/div>\n\t\t\t\t<\/div>\n\t\t\t\t<div class=\"elementor-element elementor-element-d25a81c elementor-widget elementor-widget-wd_list\" data-id=\"d25a81c\" data-element_type=\"widget\" data-e-type=\"widget\" data-widget_type=\"wd_list.default\">\n\t\t\t\t<div class=\"elementor-widget-container\">\n\t\t\t\t\t\t\t<ul class=\"wd-list color-scheme-custom wd-fontsize-xs wd-type-unordered wd-style-rounded text-left wd-shape-icon\">\n\t\t\t\t\t\t\t\t\t\t\t<li class=\"elementor-repeater-item-19b5939\">\n\t\t\t\t\t\t\t\t\t\t\t<span class=\"wd-icon\"><\/span>\t\t\t\t\t\n\t\t\t\t\t<span class=\"wd-list-content list-content\">\n\t\t\t\t\t\t\t\t\t\t\t\t\tProyectos de Naves Industriales\t\t\t\t\t\t\t\t\t\t\t<\/span>\n\t\t\t\t<\/li>\n\t\t\t\t\t\t\t\t\t\t\t<li class=\"elementor-repeater-item-3c88fa3\">\n\t\t\t\t\t\t\t\t\t\t\t<span class=\"wd-icon\"><\/span>\t\t\t\t\t\n\t\t\t\t\t<span class=\"wd-list-content list-content\">\n\t\t\t\t\t\t\t\t\t\t\t\t\tProyectos el\u00e9ctricos de baja tensi\u00f3n\t\t\t\t\t\t\t\t\t\t\t<\/span>\n\t\t\t\t<\/li>\n\t\t\t\t\t\t\t\t\t\t\t<li class=\"elementor-repeater-item-bd6263c\">\n\t\t\t\t\t\t\t\t\t\t\t<span class=\"wd-icon\"><\/span>\t\t\t\t\t\n\t\t\t\t\t<span class=\"wd-list-content list-content\">\n\t\t\t\t\t\t\t\t\t\t\t\t\tProyectos el\u00e9ctricos de media tensi\u00f3n y centros de transformaci\u00f3n\t\t\t\t\t\t\t\t\t\t\t<\/span>\n\t\t\t\t<\/li>\n\t\t\t\t\t\t\t\t\t\t\t<li class=\"elementor-repeater-item-ab0ef09\">\n\t\t\t\t\t\t\t\t\t\t\t<span class=\"wd-icon\"><\/span>\t\t\t\t\t\n\t\t\t\t\t<span class=\"wd-list-content list-content\">\n\t\t\t\t\t\t\t\t\t\t\t\t\tProyectos de instalaciones de climatizaci\u00f3n\t\t\t\t\t\t\t\t\t\t\t<\/span>\n\t\t\t\t<\/li>\n\t\t\t\t\t\t\t\t\t\t\t<li class=\"elementor-repeater-item-8bd7bd3\">\n\t\t\t\t\t\t\t\t\t\t\t<span class=\"wd-icon\"><\/span>\t\t\t\t\t\n\t\t\t\t\t<span class=\"wd-list-content list-content\">\n\t\t\t\t\t\t\t\t\t\t\t\t\tProyectos de Energ\u00edas renovables fotovoltaicas y para agua caliente sanitaria\t\t\t\t\t\t\t\t\t\t\t<\/span>\n\t\t\t\t<\/li>\n\t\t\t\t\t\t\t\t\t\t\t<li class=\"elementor-repeater-item-4726fd6\">\n\t\t\t\t\t\t\t\t\t\t\t<span class=\"wd-icon\"><\/span>\t\t\t\t\t\n\t\t\t\t\t<span class=\"wd-list-content list-content\">\n\t\t\t\t\t\t\t\t\t\t\t\t\tProyectos de abastecimiento de agua, fontaner\u00eda y saneamiento\t\t\t\t\t\t\t\t\t\t\t<\/span>\n\t\t\t\t<\/li>\n\t\t\t\t\t\t\t\t\t\t\t<li class=\"elementor-repeater-item-d71ddcb\">\n\t\t\t\t\t\t\t\t\t\t\t<span class=\"wd-icon\"><\/span>\t\t\t\t\t\n\t\t\t\t\t<span class=\"wd-list-content list-content\">\n\t\t\t\t\t\t\t\t\t\t\t\t\tProyectos de sistemas contra incendios\t\t\t\t\t\t\t\t\t\t\t<\/span>\n\t\t\t\t<\/li>\n\t\t\t\t\t<\/ul>\n\n\t\t\t\t\t\t<\/div>\n\t\t\t\t<\/div>\n\t\t\t\t\t<\/div>\n\t\t\t\t<\/div>\n\t\t<div class=\"wd-negative-gap elementor-element elementor-element-4ced283 wd-section-stretch e-flex e-con-boxed e-con e-parent\" data-id=\"4ced283\" data-element_type=\"container\" data-e-type=\"container\" data-settings=\"{&quot;background_background&quot;:&quot;classic&quot;,&quot;shape_divider_top&quot;:&quot;tilt&quot;}\">\n\t\t\t\t\t<div class=\"e-con-inner\">\n\t\t\t\t<div class=\"elementor-shape elementor-shape-top\" aria-hidden=\"true\" data-negative=\"false\">\n\t\t\t<svg xmlns=\"http:\/\/www.w3.org\/2000\/svg\" viewbox=\"0 0 1000 100\" preserveaspectratio=\"none\">\n\t<path class=\"elementor-shape-fill\" d=\"M0,6V0h1000v100L0,6z\"\/>\n<\/svg>\t\t<\/div>\n\t\t\t\t<div class=\"elementor-element elementor-element-ac00f6d elementor-widget elementor-widget-menu-anchor\" data-id=\"ac00f6d\" data-element_type=\"widget\" data-e-type=\"widget\" data-widget_type=\"menu-anchor.default\">\n\t\t\t\t<div class=\"elementor-widget-container\">\n\t\t\t\t\t\t\t<div class=\"elementor-menu-anchor\" id=\"licencias-aperturas\"><\/div>\n\t\t\t\t\t\t<\/div>\n\t\t\t\t<\/div>\n\t\t\t\t<div class=\"elementor-element elementor-element-bc10926 wd-animation-slide-short-from-left wd-width-100 wd-animation-normal wd_delay_100 wd-animation wd-transform elementor-widget elementor-widget-wd_title\" data-id=\"bc10926\" data-element_type=\"widget\" data-e-type=\"widget\" data-widget_type=\"wd_title.default\">\n\t\t\t\t<div class=\"elementor-widget-container\">\n\t\t\t\t\t\t\t<div class=\"title-wrapper wd-set-mb reset-last-child wd-title-color-default wd-title-style-default wd-title-size-default text-left\">\n\n\t\t\t\n\t\t\t<div class=\"liner-continer\">\n\t\t\t\t<h2 class=\"woodmart-title-container title wd-fontsize-l\">Licencias de apertura<\/h2> \n\t\t\t\t\t\t\t<\/div>\n\n\t\t\t\t\t\t\t<div class=\"title-after_title reset-last-child wd-fontsize-xs\">\n\t\t\t\t\tEn PUNTOTEC INGENIERIA &amp; SERVICIOS ofrecemos u asesoramiento completo y nos involucramos en todas las etapas del nacimiento de su negocio: informe t\u00e9cnico de viabilidad del local, dise\u00f1os e infograf\u00edas, anteproyectos, licencias, ejecuci\u00f3n y direcci\u00f3n de obra, etc...<br \/>\n<br \/>\nGracias a la experiencia adquirida durante estos a\u00f1os podemos ayudar a optimizar recursos para la implantaci\u00f3n de su negocio, ahorrando tiempo y dinero.\t\t\t\t<\/div>\n\t\t\t\t\t<\/div>\n\t\t\t\t\t\t<\/div>\n\t\t\t\t<\/div>\n\t\t\t\t\t<\/div>\n\t\t\t\t<\/div>\n\t\t<div class=\"wd-negative-gap elementor-element elementor-element-2053b0d wd-section-stretch e-flex e-con-boxed e-con e-parent\" data-id=\"2053b0d\" data-element_type=\"container\" data-e-type=\"container\" data-settings=\"{&quot;background_background&quot;:&quot;classic&quot;,&quot;shape_divider_top&quot;:&quot;tilt&quot;}\">\n\t\t\t\t\t<div class=\"e-con-inner\">\n\t\t\t\t<div class=\"elementor-shape elementor-shape-top\" aria-hidden=\"true\" data-negative=\"false\">\n\t\t\t<svg xmlns=\"http:\/\/www.w3.org\/2000\/svg\" viewbox=\"0 0 1000 100\" preserveaspectratio=\"none\">\n\t<path class=\"elementor-shape-fill\" d=\"M0,6V0h1000v100L0,6z\"\/>\n<\/svg>\t\t<\/div>\n\t\t\t\t<div class=\"elementor-element elementor-element-592aae7 elementor-widget elementor-widget-menu-anchor\" data-id=\"592aae7\" data-element_type=\"widget\" data-e-type=\"widget\" data-widget_type=\"menu-anchor.default\">\n\t\t\t\t<div class=\"elementor-widget-container\">\n\t\t\t\t\t\t\t<div class=\"elementor-menu-anchor\" id=\"legalizaciones\"><\/div>\n\t\t\t\t\t\t<\/div>\n\t\t\t\t<\/div>\n\t\t\t\t<div class=\"elementor-element elementor-element-78b895f wd-animation-slide-short-from-left wd-width-100 wd-animation-normal wd_delay_100 wd-animation wd-transform elementor-widget elementor-widget-wd_title\" data-id=\"78b895f\" data-element_type=\"widget\" data-e-type=\"widget\" data-widget_type=\"wd_title.default\">\n\t\t\t\t<div class=\"elementor-widget-container\">\n\t\t\t\t\t\t\t<div class=\"title-wrapper wd-set-mb reset-last-child wd-title-color-default wd-title-style-default wd-title-size-default text-left\">\n\n\t\t\t\n\t\t\t<div class=\"liner-continer\">\n\t\t\t\t<h2 class=\"woodmart-title-container title wd-fontsize-l\">Legalizaciones<\/h2> \n\t\t\t\t\t\t\t<\/div>\n\n\t\t\t\t\t\t\t<div class=\"title-after_title reset-last-child wd-fontsize-xs\">\n\t\t\t\t\tEn PUNTOTEC INGENIERIA &amp; SERVICIOS realizamos legalizaciones de actividades, agilizando la obtenci\u00f3n de los permisos. Realizamos la tramitaci\u00f3n de la licencia o permiso de obra.<br \/>\nASESORATE\u2026<br \/>\n<br \/>\nSobre como legalizar tu actividad. (diemar.es)\t\t\t\t<\/div>\n\t\t\t\t\t<\/div>\n\t\t\t\t\t\t<\/div>\n\t\t\t\t<\/div>\n\t\t\t\t\t<\/div>\n\t\t\t\t<\/div>\n\t\t<div class=\"wd-negative-gap elementor-element elementor-element-d1113ad wd-section-stretch e-flex e-con-boxed e-con e-parent\" data-id=\"d1113ad\" data-element_type=\"container\" data-e-type=\"container\" data-settings=\"{&quot;background_background&quot;:&quot;classic&quot;,&quot;shape_divider_top&quot;:&quot;tilt&quot;}\">\n\t\t\t\t\t<div class=\"e-con-inner\">\n\t\t\t\t<div class=\"elementor-shape elementor-shape-top\" aria-hidden=\"true\" data-negative=\"false\">\n\t\t\t<svg xmlns=\"http:\/\/www.w3.org\/2000\/svg\" viewbox=\"0 0 1000 100\" preserveaspectratio=\"none\">\n\t<path class=\"elementor-shape-fill\" d=\"M0,6V0h1000v100L0,6z\"\/>\n<\/svg>\t\t<\/div>\n\t\t\t\t<div class=\"elementor-element elementor-element-26e28d4 elementor-widget elementor-widget-menu-anchor\" data-id=\"26e28d4\" data-element_type=\"widget\" data-e-type=\"widget\" data-widget_type=\"menu-anchor.default\">\n\t\t\t\t<div class=\"elementor-widget-container\">\n\t\t\t\t\t\t\t<div class=\"elementor-menu-anchor\" id=\"informes\"><\/div>\n\t\t\t\t\t\t<\/div>\n\t\t\t\t<\/div>\n\t\t\t\t<div class=\"elementor-element elementor-element-659dc35 wd-animation-slide-short-from-left wd-width-100 wd-animation-normal wd_delay_100 wd-animation wd-transform elementor-widget elementor-widget-wd_title\" data-id=\"659dc35\" data-element_type=\"widget\" data-e-type=\"widget\" data-widget_type=\"wd_title.default\">\n\t\t\t\t<div class=\"elementor-widget-container\">\n\t\t\t\t\t\t\t<div class=\"title-wrapper wd-set-mb reset-last-child wd-title-color-default wd-title-style-default wd-title-size-default text-left\">\n\n\t\t\t\n\t\t\t<div class=\"liner-continer\">\n\t\t\t\t<h2 class=\"woodmart-title-container title wd-fontsize-l\">Informes<\/h2> \n\t\t\t\t\t\t\t<\/div>\n\n\t\t\t\t\t\t\t<div class=\"title-after_title reset-last-child wd-fontsize-xs\">\n\t\t\t\t\tEn PUNTOTEC INGENIERIA &amp; SERVICIOS realizamos todo tipo de informes necesarios relacionados con la tramitaci\u00f3n de Licencias, Permisos, Proyectos, Legalizaciones, etc\u2026\t\t\t\t<\/div>\n\t\t\t\t\t<\/div>\n\t\t\t\t\t\t<\/div>\n\t\t\t\t<\/div>\n\t\t\t\t\t<\/div>\n\t\t\t\t<\/div>\n\t\t<div class=\"wd-negative-gap elementor-element elementor-element-55241d0 wd-section-stretch e-flex e-con-boxed e-con e-parent\" data-id=\"55241d0\" data-element_type=\"container\" data-e-type=\"container\" data-settings=\"{&quot;background_background&quot;:&quot;classic&quot;,&quot;shape_divider_top&quot;:&quot;tilt&quot;}\">\n\t\t\t\t\t<div class=\"e-con-inner\">\n\t\t\t\t<div class=\"elementor-shape elementor-shape-top\" aria-hidden=\"true\" data-negative=\"false\">\n\t\t\t<svg xmlns=\"http:\/\/www.w3.org\/2000\/svg\" viewbox=\"0 0 1000 100\" preserveaspectratio=\"none\">\n\t<path class=\"elementor-shape-fill\" d=\"M0,6V0h1000v100L0,6z\"\/>\n<\/svg>\t\t<\/div>\n\t\t\t\t<div class=\"elementor-element elementor-element-f9136c6 elementor-widget elementor-widget-menu-anchor\" data-id=\"f9136c6\" data-element_type=\"widget\" data-e-type=\"widget\" data-widget_type=\"menu-anchor.default\">\n\t\t\t\t<div class=\"elementor-widget-container\">\n\t\t\t\t\t\t\t<div class=\"elementor-menu-anchor\" id=\"gestion-integral-obras\"><\/div>\n\t\t\t\t\t\t<\/div>\n\t\t\t\t<\/div>\n\t\t\t\t<div class=\"elementor-element elementor-element-aa66f5c wd-animation-slide-short-from-left wd-width-100 wd-animation-normal wd_delay_100 wd-animation wd-transform elementor-widget elementor-widget-wd_title\" data-id=\"aa66f5c\" data-element_type=\"widget\" data-e-type=\"widget\" data-widget_type=\"wd_title.default\">\n\t\t\t\t<div class=\"elementor-widget-container\">\n\t\t\t\t\t\t\t<div class=\"title-wrapper wd-set-mb reset-last-child wd-title-color-default wd-title-style-default wd-title-size-default text-left\">\n\n\t\t\t\n\t\t\t<div class=\"liner-continer\">\n\t\t\t\t<h2 class=\"woodmart-title-container title wd-fontsize-l\">Gesti\u00f3n integral de obras<\/h2> \n\t\t\t\t\t\t\t<\/div>\n\n\t\t\t\t\t\t\t<div class=\"title-after_title reset-last-child wd-fontsize-xs\">\n\t\t\t\t\t<p>En <strong>PUNTOTEC INGENIERIA &amp; SERVICIOS<\/strong> somos especialistas en Gesti\u00f3n integral de obra o<strong> Construction Management<\/strong>. En esta estrategia de trabajo convertimos con nuestro asesoramiento al promotor de la obra en contratista, realizando en su nombre las funciones de compra de materiales as\u00ed como de contrataci\u00f3n y coordinaci\u00f3n de los equipos que intervienen durante el proceso. De esta manera puede haber un ahorro del presupuesto bastante importante, con la ventaja adicional de poseer el control total de su obra, controlando todos los costes, las calidades y el plazo de entrega.<\/p>\t\t\t\t<\/div>\n\t\t\t\t\t<\/div>\n\t\t\t\t\t\t<\/div>\n\t\t\t\t<\/div>\n\t\t\t\t\t<\/div>\n\t\t\t\t<\/div>\n\t\t\t\t<\/div>","protected":false},"excerpt":{"rendered":"<p>Proyectos de ingenier\u00eda En PUNTOTEC INGENIERIA &amp; SERVICIOS nos encargamos de la tramitaci\u00f3n y gesti\u00f3n integral de cualquier tipo de<\/p>","protected":false},"author":1,"featured_media":0,"parent":280,"menu_order":1,"comment_status":"closed","ping_status":"closed","template":"","meta":{"footnotes":""},"imc_layers":[],"imc_icons":[],"class_list":["post-352","page","type-page","status-publish","hentry"],"imc_loc":"","imc_img_tag":null,"yoast_head":"<!-- This site is optimized with the Yoast SEO plugin v26.8 - https:\/\/yoast.com\/product\/yoast-seo-wordpress\/ -->\n<title>Proyectos de ingenier\u00eda en Los Alc\u00e1zares - PUNTOTEC<\/title>\n<meta name=\"description\" content=\"Proyectos de ingenier\u00eda en Los Alc\u00e1zares: legalizaciones, licencias, informes y gesti\u00f3n integral de obras.\" \/>\n<meta name=\"robots\" content=\"index, follow, max-snippet:-1, max-image-preview:large, max-video-preview:-1\" \/>\n<link rel=\"canonical\" href=\"https:\/\/www.puntotecservices.com\/en\/servicios\/proyectos\/\" \/>\n<meta property=\"og:locale\" content=\"en_GB\" \/>\n<meta property=\"og:type\" content=\"article\" \/>\n<meta property=\"og:title\" content=\"Proyectos de ingenier\u00eda en Los Alc\u00e1zares - PUNTOTEC\" \/>\n<meta property=\"og:description\" content=\"Proyectos de ingenier\u00eda en Los Alc\u00e1zares: legalizaciones, licencias, informes y gesti\u00f3n integral de obras.\" \/>\n<meta property=\"og:url\" content=\"https:\/\/www.puntotecservices.com\/en\/servicios\/proyectos\/\" \/>\n<meta property=\"og:site_name\" content=\"PUNTOTEC\" \/>\n<meta property=\"article:modified_time\" content=\"2026-02-02T16:21:20+00:00\" \/>\n<meta name=\"twitter:card\" content=\"summary_large_image\" \/>\n<meta name=\"twitter:label1\" content=\"Estimated reading time\" \/>\n\t<meta name=\"twitter:data1\" content=\"2 minutes\" \/>\n<script type=\"application\/ld+json\" class=\"yoast-schema-graph\">{\"@context\":\"https:\/\/schema.org\",\"@graph\":[{\"@type\":\"WebPage\",\"@id\":\"https:\/\/www.puntotecservices.com\/servicios\/proyectos\/\",\"url\":\"https:\/\/www.puntotecservices.com\/servicios\/proyectos\/\",\"name\":\"Proyectos de ingenier\u00eda en Los Alc\u00e1zares - PUNTOTEC\",\"isPartOf\":{\"@id\":\"https:\/\/www.puntotecservices.com\/#website\"},\"datePublished\":\"2026-01-26T11:12:57+00:00\",\"dateModified\":\"2026-02-02T16:21:20+00:00\",\"description\":\"Proyectos de ingenier\u00eda en Los Alc\u00e1zares: legalizaciones, licencias, informes y gesti\u00f3n integral de obras.\",\"breadcrumb\":{\"@id\":\"https:\/\/www.puntotecservices.com\/servicios\/proyectos\/#breadcrumb\"},\"inLanguage\":\"en-GB\",\"potentialAction\":[{\"@type\":\"ReadAction\",\"target\":[\"https:\/\/www.puntotecservices.com\/servicios\/proyectos\/\"]}]},{\"@type\":\"BreadcrumbList\",\"@id\":\"https:\/\/www.puntotecservices.com\/servicios\/proyectos\/#breadcrumb\",\"itemListElement\":[{\"@type\":\"ListItem\",\"position\":1,\"name\":\"Portada\",\"item\":\"https:\/\/www.puntotecservices.com\/\"},{\"@type\":\"ListItem\",\"position\":2,\"name\":\"Servicios\",\"item\":\"https:\/\/www.puntotecservices.com\/servicios\/\"},{\"@type\":\"ListItem\",\"position\":3,\"name\":\"Proyectos\"}]},{\"@type\":\"WebSite\",\"@id\":\"https:\/\/www.puntotecservices.com\/#website\",\"url\":\"https:\/\/www.puntotecservices.com\/\",\"name\":\"PUNTOTEC\",\"description\":\"Ingenier\u00eda y Servicios\",\"potentialAction\":[{\"@type\":\"SearchAction\",\"target\":{\"@type\":\"EntryPoint\",\"urlTemplate\":\"https:\/\/www.puntotecservices.com\/?s={search_term_string}\"},\"query-input\":{\"@type\":\"PropertyValueSpecification\",\"valueRequired\":true,\"valueName\":\"search_term_string\"}}],\"inLanguage\":\"en-GB\"}]}<\/script>\n<!-- \/ Yoast SEO plugin. -->","yoast_head_json":{"title":"Proyectos de ingenier\u00eda en Los Alc\u00e1zares - PUNTOTEC","description":"Proyectos de ingenier\u00eda en Los Alc\u00e1zares: legalizaciones, licencias, informes y gesti\u00f3n integral de obras.","robots":{"index":"index","follow":"follow","max-snippet":"max-snippet:-1","max-image-preview":"max-image-preview:large","max-video-preview":"max-video-preview:-1"},"canonical":"https:\/\/www.puntotecservices.com\/en\/servicios\/proyectos\/","og_locale":"en_GB","og_type":"article","og_title":"Proyectos de ingenier\u00eda en Los Alc\u00e1zares - PUNTOTEC","og_description":"Proyectos de ingenier\u00eda en Los Alc\u00e1zares: legalizaciones, licencias, informes y gesti\u00f3n integral de obras.","og_url":"https:\/\/www.puntotecservices.com\/en\/servicios\/proyectos\/","og_site_name":"PUNTOTEC","article_modified_time":"2026-02-02T16:21:20+00:00","twitter_card":"summary_large_image","twitter_misc":{"Estimated reading time":"2 minutes"},"schema":{"@context":"https:\/\/schema.org","@graph":[{"@type":"WebPage","@id":"https:\/\/www.puntotecservices.com\/servicios\/proyectos\/","url":"https:\/\/www.puntotecservices.com\/servicios\/proyectos\/","name":"Proyectos de ingenier\u00eda en Los Alc\u00e1zares - PUNTOTEC","isPartOf":{"@id":"https:\/\/www.puntotecservices.com\/#website"},"datePublished":"2026-01-26T11:12:57+00:00","dateModified":"2026-02-02T16:21:20+00:00","description":"Proyectos de ingenier\u00eda en Los Alc\u00e1zares: legalizaciones, licencias, informes y gesti\u00f3n integral de obras.","breadcrumb":{"@id":"https:\/\/www.puntotecservices.com\/servicios\/proyectos\/#breadcrumb"},"inLanguage":"en-GB","potentialAction":[{"@type":"ReadAction","target":["https:\/\/www.puntotecservices.com\/servicios\/proyectos\/"]}]},{"@type":"BreadcrumbList","@id":"https:\/\/www.puntotecservices.com\/servicios\/proyectos\/#breadcrumb","itemListElement":[{"@type":"ListItem","position":1,"name":"Portada","item":"https:\/\/www.puntotecservices.com\/"},{"@type":"ListItem","position":2,"name":"Servicios","item":"https:\/\/www.puntotecservices.com\/servicios\/"},{"@type":"ListItem","position":3,"name":"Proyectos"}]},{"@type":"WebSite","@id":"https:\/\/www.puntotecservices.com\/#website","url":"https:\/\/www.puntotecservices.com\/","name":"PUNTOTEC","description":"Ingenier\u00eda y Servicios","potentialAction":[{"@type":"SearchAction","target":{"@type":"EntryPoint","urlTemplate":"https:\/\/www.puntotecservices.com\/?s={search_term_string}"},"query-input":{"@type":"PropertyValueSpecification","valueRequired":true,"valueName":"search_term_string"}}],"inLanguage":"en-GB"}]}},"_links":{"self":[{"href":"https:\/\/www.puntotecservices.com\/en\/wp-json\/wp\/v2\/pages\/352","targetHints":{"allow":["GET"]}}],"collection":[{"href":"https:\/\/www.puntotecservices.com\/en\/wp-json\/wp\/v2\/pages"}],"about":[{"href":"https:\/\/www.puntotecservices.com\/en\/wp-json\/wp\/v2\/types\/page"}],"author":[{"embeddable":true,"href":"https:\/\/www.puntotecservices.com\/en\/wp-json\/wp\/v2\/users\/1"}],"replies":[{"embeddable":true,"href":"https:\/\/www.puntotecservices.com\/en\/wp-json\/wp\/v2\/comments?post=352"}],"version-history":[{"count":4,"href":"https:\/\/www.puntotecservices.com\/en\/wp-json\/wp\/v2\/pages\/352\/revisions"}],"predecessor-version":[{"id":357,"href":"https:\/\/www.puntotecservices.com\/en\/wp-json\/wp\/v2\/pages\/352\/revisions\/357"}],"up":[{"embeddable":true,"href":"https:\/\/www.puntotecservices.com\/en\/wp-json\/wp\/v2\/pages\/280"}],"wp:attachment":[{"href":"https:\/\/www.puntotecservices.com\/en\/wp-json\/wp\/v2\/media?parent=352"}],"wp:term":[{"taxonomy":"imc-layer","embeddable":true,"href":"https:\/\/www.puntotecservices.com\/en\/wp-json\/wp\/v2\/imc_layers?post=352"},{"taxonomy":"imc-icon","embeddable":true,"href":"https:\/\/www.puntotecservices.com\/en\/wp-json\/wp\/v2\/imc_icons?post=352"}],"curies":[{"name":"wp","href":"https:\/\/api.w.org\/{rel}","templated":true}]}}